{"id":76,"date":"2022-11-27T18:42:27","date_gmt":"2022-11-27T17:42:27","guid":{"rendered":"https:\/\/pozytywnegorozwoju.pl\/zlota\/?page_id=76"},"modified":"2023-03-02T23:31:57","modified_gmt":"2023-03-02T22:31:57","slug":"status-i-regulamin-placowki","status":"publish","type":"page","link":"https:\/\/pozytywnegorozwoju.pl\/zlota\/status-i-regulamin-placowki\/","title":{"rendered":""},"content":{"rendered":"<div class=\"vce-row-container\"><div class=\"vce-row vce-row--col-gap-30 vce-row-equal-height vce-row-content--middle\" data-vce-full-width=\"true\" data-vce-stretch-content=\"true\" id=\"el-9e9f397a\" data-vce-do-apply=\"all el-9e9f397a\"><div class=\"vce-content-background-container\"><\/div><div class=\"vce-row-content\" data-vce-element-content=\"true\"><div class=\"vce-col vce-col--md-auto vce-col--xs-1 vce-col--xs-last vce-col--xs-first vce-col--sm-last vce-col--sm-first vce-col--md-last vce-col--lg-last vce-col--xl-last vce-col--md-first vce-col--lg-first vce-col--xl-first\" id=\"el-6716b130\"><div class=\"vce-col-inner\" data-vce-do-apply=\"border margin background  el-6716b130\"><div class=\"vce-col-content\" data-vce-element-content=\"true\" data-vce-do-apply=\"padding el-6716b130\"><div class=\"vce-text-block\"><div class=\"vce-text-block-wrapper vce\" id=\"el-34d95eef\" data-vce-do-apply=\"all el-34d95eef\"><h4 style=\"text-align: center;\">Statut Niepublicznego \u017b\u0142obka&nbsp;<\/h4>\n<p><\/p>\n<p><\/p><\/div><\/div><div class=\"vce-button--style-outline-container vce-button--style-outline-container--align-center\"><span class=\"vce-button--style-outline-wrapper vce\" id=\"el-76a07b56\" data-vce-do-apply=\"margin el-76a07b56\"><a class=\"vce-button vce-button--style-outline-animated vce-button--style-outline--border-round vce-button--style-outline--size-small vce-button--style-outline-animated--color-b-85-85-85--fff--3d3d3d vce-button--style-outline-animated--border-color-b-85-85-85--3d3d3d vce-button--style-outline-animated--background-color-b-85-85-85\" href=\"https:\/\/pozytywnegorozwoju.pl\/zlota\/wp-content\/uploads\/2022\/12\/statut-zlobek-Zlota-od-01.09.2022.pdf\" title=\"\" target=\"_blank\" data-vce-do-apply=\"padding border background  el-76a07b56\" rel=\"noopener\"><span class=\"vce-button--style-outline-text\">Czytaj <\/span><\/a><\/span><\/div><div class=\"vce-button--style-outline-container vce-button--style-outline-container--align-center\"><span class=\"vce-button--style-outline-wrapper vce\" id=\"el-01ccaff7\" data-vce-do-apply=\"margin el-01ccaff7\"><a class=\"vce-button vce-button--style-outline-animated vce-button--style-outline--border-round vce-button--style-outline--size-small vce-button--style-outline-animated--color-b-85-85-85--fff--3d3d3d vce-button--style-outline-animated--border-color-b-85-85-85--3d3d3d vce-button--style-outline-animated--background-color-b-85-85-85\" href=\"https:\/\/pozytywnegorozwoju.pl\/zlota\/wp-content\/uploads\/2022\/12\/statut-zlobek-Zlota-od-01.09.2022.pdf\" title=\"\" target=\"_blank\" data-vce-do-apply=\"padding border background  el-01ccaff7\" rel=\"noopener\"><span class=\"vce-button--style-outline-text\">Pobierz<\/span><\/a><\/span><\/div><\/div><\/div><\/div><\/div><\/div><\/div><div class=\"vce-row-container\"><div class=\"vce-row vce-row--col-gap-30 vce-row-equal-height vce-row-content--middle\" data-vce-full-width=\"true\" data-vce-stretch-content=\"true\" id=\"el-985dfcc2\" data-vce-do-apply=\"all el-985dfcc2\"><div class=\"vce-content-background-container\"><\/div><div class=\"vce-row-content\" data-vce-element-content=\"true\"><div class=\"vce-col vce-col--md-auto vce-col--xs-1 vce-col--xs-last vce-col--xs-first vce-col--sm-last vce-col--sm-first vce-col--md-last vce-col--lg-last vce-col--xl-last vce-col--md-first vce-col--lg-first vce-col--xl-first\" id=\"el-0e9d2051\"><div class=\"vce-col-inner\" data-vce-do-apply=\"border margin background  el-0e9d2051\"><div class=\"vce-col-content\" data-vce-element-content=\"true\" data-vce-do-apply=\"padding el-0e9d2051\"><div class=\"vce-text-block\"><div class=\"vce-text-block-wrapper vce\" id=\"el-b10079a2\" data-vce-do-apply=\"all el-b10079a2\"><h4 style=\"text-align: center;\">Regulamin Organizacyjny \u017b\u0142obka Pozytywnego Rozwoju&nbsp;&nbsp;<\/h4><\/div><\/div><div class=\"vce-button--style-outline-container vce-button--style-outline-container--align-center\"><span class=\"vce-button--style-outline-wrapper vce\" id=\"el-22e4a75a\" data-vce-do-apply=\"margin el-22e4a75a\"><a class=\"vce-button vce-button--style-outline-animated vce-button--style-outline--border-round vce-button--style-outline--size-small vce-button--style-outline-animated--color-b-85-85-85--fff--3d3d3d vce-button--style-outline-animated--border-color-b-85-85-85--3d3d3d vce-button--style-outline-animated--background-color-b-85-85-85\" href=\"https:\/\/pozytywnegorozwoju.pl\/zlota\/wp-content\/uploads\/2022\/12\/REGULAMIN-ORGANIZACYJNY-aktualny-zlobek-Zlota.pdf\" title=\"\" target=\"_blank\" data-vce-do-apply=\"padding border background  el-22e4a75a\" rel=\"noopener\"><span class=\"vce-button--style-outline-text\">Czytaj <\/span><\/a><\/span><\/div><div class=\"vce-button--style-outline-container vce-button--style-outline-container--align-center\"><span class=\"vce-button--style-outline-wrapper vce\" id=\"el-04599cb6\" data-vce-do-apply=\"margin el-04599cb6\"><a class=\"vce-button vce-button--style-outline-animated vce-button--style-outline--border-round vce-button--style-outline--size-small vce-button--style-outline-animated--color-b-85-85-85--fff--3d3d3d vce-button--style-outline-animated--border-color-b-85-85-85--3d3d3d vce-button--style-outline-animated--background-color-b-85-85-85\" href=\"https:\/\/pozytywnegorozwoju.pl\/zlota\/wp-content\/uploads\/2022\/12\/REGULAMIN-ORGANIZACYJNY-aktualny-zlobek-Zlota.pdf\" title=\"\" target=\"_blank\" data-vce-do-apply=\"padding border background  el-04599cb6\" rel=\"noopener\"><span class=\"vce-button--style-outline-text\">Pobierz<\/span><\/a><\/span><\/div><\/div><\/div><\/div><\/div><\/div><\/div>\n","protected":false},"excerpt":{"rendered":"<p>Statut Niepublicznego \u017b\u0142obka&nbsp; Czytaj PobierzRegulamin Organizacyjny \u017b\u0142obka Pozytywnego Rozwoju&nbsp;&nbsp;Czytaj Pobierz<\/p>\n","protected":false},"author":1,"featured_media":0,"parent":0,"menu_order":0,"comment_status":"closed","ping_status":"closed","template":"","meta":{"_themeisle_gutenberg_block_has_review":false,"footnotes":""},"class_list":["post-76","page","type-page","status-publish","hentry"],"_links":{"self":[{"href":"https:\/\/pozytywnegorozwoju.pl\/zlota\/wp-json\/wp\/v2\/pages\/76","targetHints":{"allow":["GET"]}}],"collection":[{"href":"https:\/\/pozytywnegorozwoju.pl\/zlota\/wp-json\/wp\/v2\/pages"}],"about":[{"href":"https:\/\/pozytywnegorozwoju.pl\/zlota\/wp-json\/wp\/v2\/types\/page"}],"author":[{"embeddable":true,"href":"https:\/\/pozytywnegorozwoju.pl\/zlota\/wp-json\/wp\/v2\/users\/1"}],"replies":[{"embeddable":true,"href":"https:\/\/pozytywnegorozwoju.pl\/zlota\/wp-json\/wp\/v2\/comments?post=76"}],"version-history":[{"count":5,"href":"https:\/\/pozytywnegorozwoju.pl\/zlota\/wp-json\/wp\/v2\/pages\/76\/revisions"}],"predecessor-version":[{"id":741,"href":"https:\/\/pozytywnegorozwoju.pl\/zlota\/wp-json\/wp\/v2\/pages\/76\/revisions\/741"}],"wp:attachment":[{"href":"https:\/\/pozytywnegorozwoju.pl\/zlota\/wp-json\/wp\/v2\/media?parent=76"}],"curies":[{"name":"wp","href":"https:\/\/api.w.org\/{rel}","templated":true}]}}