{"id":73,"date":"2022-11-27T18:42:27","date_gmt":"2022-11-27T17:42:27","guid":{"rendered":"https:\/\/pozytywnegorozwoju.pl\/zlota\/?page_id=73"},"modified":"2023-03-02T23:32:05","modified_gmt":"2023-03-02T22:32:05","slug":"wyprawka","status":"publish","type":"page","link":"https:\/\/pozytywnegorozwoju.pl\/zlota\/wyprawka\/","title":{"rendered":""},"content":{"rendered":"<div class=\"vce-row-container\"><div class=\"vce-row vce-row--col-gap-30 vce-row-equal-height vce-row-content--top\" data-vce-full-width=\"true\" data-vce-stretch-content=\"true\" id=\"el-571fd4da\" data-vce-do-apply=\"all el-571fd4da\"><div class=\"vce-row-content\" data-vce-element-content=\"true\"><div class=\"vce-col vce-col--md-20p vce-col--xs-1 vce-col--xs-last vce-col--xs-first vce-col--sm-last vce-col--sm-first vce-col--md-first vce-col--lg-first vce-col--xl-first\" id=\"el-90fc3d94\"><div class=\"vce-col-inner\" data-vce-do-apply=\"border margin background  el-90fc3d94\"><div class=\"vce-col-content\" data-vce-element-content=\"true\" data-vce-do-apply=\"padding el-90fc3d94\"><div><\/div><\/div><\/div><\/div><div class=\"vce-col vce-col--md-59p vce-col--xs-1 vce-col--xs-last vce-col--xs-first vce-col--sm-last vce-col--sm-first\" id=\"el-98cd342e\"><div class=\"vce-col-inner\" data-vce-do-apply=\"border margin background  el-98cd342e\"><div class=\"vce-col-content\" data-vce-element-content=\"true\" data-vce-do-apply=\"padding el-98cd342e\"><div class=\"vce-text-block\"><div class=\"vce-text-block-wrapper vce\" id=\"el-e7a42c9b\" data-vce-do-apply=\"all el-e7a42c9b\"><h4 style=\"text-align: center;\"><strong>Wyprawka malucha \u2013 \u017b\u0142obek Pozytywnego Rozwoju<\/strong><\/h4>\n<hr>\n<h4 style=\"text-align: center;\"><\/h4><\/div><\/div><\/div><\/div><\/div><div class=\"vce-col vce-col--md-20p vce-col--xs-1 vce-col--xs-last vce-col--xs-first vce-col--sm-last vce-col--sm-first vce-col--md-last vce-col--lg-last vce-col--xl-last\" id=\"el-3be38373\"><div class=\"vce-col-inner\" data-vce-do-apply=\"border margin background  el-3be38373\"><div class=\"vce-col-content\" data-vce-element-content=\"true\" data-vce-do-apply=\"padding el-3be38373\"><div><\/div><\/div><\/div><\/div><\/div><\/div><\/div><div class=\"vce-row-container\"><div class=\"vce-row vce-row--col-gap-30 vce-row-equal-height vce-row-content--middle\" data-vce-full-width=\"true\" data-vce-stretch-content=\"true\" id=\"el-78a3772c\" data-vce-do-apply=\"all el-78a3772c\"><div class=\"vce-row-content\" data-vce-element-content=\"true\"><div class=\"vce-col vce-col--md-10p vce-col--xs-1 vce-col--xs-last vce-col--xs-first vce-col--sm-last vce-col--sm-first vce-col--md-first vce-col--lg-first vce-col--xl-first\" id=\"el-6c9de2ce\"><div class=\"vce-col-inner\" data-vce-do-apply=\"border margin background  el-6c9de2ce\"><div class=\"vce-col-content\" data-vce-element-content=\"true\" data-vce-do-apply=\"padding el-6c9de2ce\"><div><\/div><\/div><\/div><\/div><div class=\"vce-col vce-col--md-46p vce-col--xs-1 vce-col--xs-last vce-col--xs-first vce-col--sm-last vce-col--sm-first\" id=\"el-b4132f29\"><div class=\"vce-col-inner\" data-vce-do-apply=\"border margin background  el-b4132f29\"><div class=\"vce-col-content\" data-vce-element-content=\"true\" data-vce-do-apply=\"padding el-b4132f29\"><div class=\"vce-text-block\"><div class=\"vce-text-block-wrapper vce\" id=\"el-1e4d1d34\" data-vce-do-apply=\"all el-1e4d1d34\"><ol>\n<li><span style=\"font-size: 16pt;\">Bidon\/butelka<\/span><\/li>\n<li><span style=\"font-size: 16pt;\">Smoczek \u2013 je\u015bli jest u\u017cywany<\/span><\/li>\n<li><span style=\"font-size: 16pt;\">\u015arodki higieniczne \u2013 pieluchy (prosimy o pieluszki zapinane, nie pielucho-majtki), mokre chusteczki, suche chusteczki (w pude\u0142ku), krem do pupy, krem z filtrem (w okresie letnim)<\/span><\/li>\n<li><span style=\"font-size: 16pt;\">Ubranka na zmian\u0119 \u2013 3 komplety (przynajmniej 3 komplety, mo\u017ce by\u0107 wi\u0119cej, wed\u0142ug uznania)<\/span><\/li>\n<li><span style=\"font-size: 16pt;\">Prze\u015bcierad\u0142o z gumk\u0105 120x60 cm, lub 140x65 cm, kocyk. Opcjonalnie poduszka i ulubiony pluszak<\/span><\/li>\n<li><span style=\"font-size: 16pt;\">Obuwie na zmian\u0119 \u2013 do chodzenia w \u017c\u0142obku<\/span><\/li>\n<li><span style=\"font-size: 16pt;\">Odzie\u017c wierzchnia odpowiednia do pory roku<\/span><\/li>\n<\/ol><\/div><\/div><\/div><\/div><\/div><div class=\"vce-col vce-col--md-30p vce-col--xs-1 vce-col--xs-last vce-col--xs-first vce-col--sm-last vce-col--sm-first\" id=\"el-b0668e0a\"><div class=\"vce-col-inner\" data-vce-do-apply=\"border margin background  el-b0668e0a\"><div class=\"vce-col-content\" data-vce-element-content=\"true\" data-vce-do-apply=\"padding el-b0668e0a\"><div class=\"vce-text-block\"><div class=\"vce-text-block-wrapper vce\" id=\"el-ec3065a0\" data-vce-do-apply=\"all el-ec3065a0\"><h2><img loading=\"lazy\" decoding=\"async\" src=\"https:\/\/pozytywnegorozwoju.pl\/wachowiaka\/wp-content\/uploads\/2022\/10\/5565656-300x278.png\" alt=\"\" width=\"300\" height=\"278\" class=\"alignnone wp-image-731 size-medium\"><\/h2>\n<p><img loading=\"lazy\" decoding=\"async\" src=\"https:\/\/pozytywnegorozwoju.pl\/wachowiaka\/wp-content\/uploads\/2022\/10\/12121212121212112-225x300.png\" alt=\"\" width=\"225\" height=\"300\" class=\"wp-image-732 size-medium alignright\"><\/p><\/div><\/div><\/div><\/div><\/div><div class=\"vce-col vce-col--md-14p vce-col--xs-1 vce-col--xs-last vce-col--xs-first vce-col--sm-last vce-col--sm-first vce-col--md-last vce-col--lg-last vce-col--xl-last\" id=\"el-4b80f7c6\"><div class=\"vce-col-inner\" data-vce-do-apply=\"border margin background  el-4b80f7c6\"><div class=\"vce-col-content\" data-vce-element-content=\"true\" data-vce-do-apply=\"padding el-4b80f7c6\"><div><\/div><\/div><\/div><\/div><\/div><\/div><\/div><div class=\"vce-row-container\"><div class=\"vce-row vce-row--col-gap-30 vce-row-equal-height vce-row-content--top\" data-vce-full-width=\"true\" data-vce-stretch-content=\"true\" id=\"el-e577ab02\" data-vce-do-apply=\"all el-e577ab02\"><div class=\"vce-row-content\" data-vce-element-content=\"true\"><div class=\"vce-col vce-col--md-3p vce-col--xs-1 vce-col--xs-last vce-col--xs-first vce-col--sm-last vce-col--sm-first vce-col--md-first vce-col--lg-first vce-col--xl-first\" id=\"el-e92d2e68\"><div class=\"vce-col-inner\" data-vce-do-apply=\"border margin background  el-e92d2e68\"><div class=\"vce-col-content\" data-vce-element-content=\"true\" data-vce-do-apply=\"padding el-e92d2e68\"><div><\/div><\/div><\/div><\/div><div class=\"vce-col vce-col--md-94p vce-col--xs-1 vce-col--xs-last vce-col--xs-first vce-col--sm-last vce-col--sm-first\" id=\"el-a0e6d1dd\"><div class=\"vce-col-inner\" data-vce-do-apply=\"border margin background  el-a0e6d1dd\"><div class=\"vce-col-content\" data-vce-element-content=\"true\" data-vce-do-apply=\"padding el-a0e6d1dd\"><div class=\"vce vce-separator-container vce-separator--align-center vce-separator--style-shadow\" id=\"el-1ba256c4\" data-vce-do-apply=\"margin el-1ba256c4\"><div class=\"vce-separator vce-separator--color-bfc0c1 vce-separator--width-100 vce-separator--thickness-6\" data-vce-do-apply=\"border padding background  el-1ba256c4\"><div class=\"vce-separator-shadow vce-separator-shadow-left\"><\/div><div class=\"vce-separator-shadow vce-separator-shadow-right\"><\/div><\/div><\/div><\/div><\/div><\/div><div class=\"vce-col vce-col--md-3p vce-col--xs-1 vce-col--xs-last vce-col--xs-first vce-col--sm-last vce-col--sm-first vce-col--md-last vce-col--lg-last vce-col--xl-last\" id=\"el-b69ade62\"><div class=\"vce-col-inner\" data-vce-do-apply=\"border margin background  el-b69ade62\"><div class=\"vce-col-content\" data-vce-element-content=\"true\" data-vce-do-apply=\"padding el-b69ade62\"><div><\/div><\/div><\/div><\/div><\/div><\/div><\/div>","protected":false},"excerpt":{"rendered":"<p>Wyprawka malucha \u2013 \u017b\u0142obek Pozytywnego Rozwoju Bidon\/butelka Smoczek \u2013 je\u015bli jest u\u017cywany \u015arodki higieniczne \u2013 pieluchy (prosimy o pieluszki zapinane, nie pielucho-majtki), mokre chusteczki, suche chusteczki (w pude\u0142ku), krem do pupy, krem z filtrem (w okresie letnim) Ubranka na zmian\u0119 \u2013 3 komplety (przynajmniej 3 komplety, mo\u017ce by\u0107 wi\u0119cej, wed\u0142ug [&hellip;]<\/p>\n","protected":false},"author":1,"featured_media":0,"parent":0,"menu_order":0,"comment_status":"closed","ping_status":"closed","template":"","meta":{"_themeisle_gutenberg_block_has_review":false,"footnotes":""},"class_list":["post-73","page","type-page","status-publish","hentry"],"_links":{"self":[{"href":"https:\/\/pozytywnegorozwoju.pl\/zlota\/wp-json\/wp\/v2\/pages\/73","targetHints":{"allow":["GET"]}}],"collection":[{"href":"https:\/\/pozytywnegorozwoju.pl\/zlota\/wp-json\/wp\/v2\/pages"}],"about":[{"href":"https:\/\/pozytywnegorozwoju.pl\/zlota\/wp-json\/wp\/v2\/types\/page"}],"author":[{"embeddable":true,"href":"https:\/\/pozytywnegorozwoju.pl\/zlota\/wp-json\/wp\/v2\/users\/1"}],"replies":[{"embeddable":true,"href":"https:\/\/pozytywnegorozwoju.pl\/zlota\/wp-json\/wp\/v2\/comments?post=73"}],"version-history":[{"count":7,"href":"https:\/\/pozytywnegorozwoju.pl\/zlota\/wp-json\/wp\/v2\/pages\/73\/revisions"}],"predecessor-version":[{"id":773,"href":"https:\/\/pozytywnegorozwoju.pl\/zlota\/wp-json\/wp\/v2\/pages\/73\/revisions\/773"}],"wp:attachment":[{"href":"https:\/\/pozytywnegorozwoju.pl\/zlota\/wp-json\/wp\/v2\/media?parent=73"}],"curies":[{"name":"wp","href":"https:\/\/api.w.org\/{rel}","templated":true}]}}