{"id":72,"date":"2022-11-27T18:42:27","date_gmt":"2022-11-27T17:42:27","guid":{"rendered":"https:\/\/pozytywnegorozwoju.pl\/zlota\/?page_id=72"},"modified":"2024-10-08T18:50:25","modified_gmt":"2024-10-08T16:50:25","slug":"czesne","status":"publish","type":"page","link":"https:\/\/pozytywnegorozwoju.pl\/zlota\/czesne\/","title":{"rendered":""},"content":{"rendered":"<div class=\"vce-row-container\"><div class=\"vce-row vce-row--col-gap-30 vce-row-equal-height vce-row-content--middle\" data-vce-full-width=\"true\" data-vce-stretch-content=\"true\" id=\"el-ccf9106f\" data-vce-do-apply=\"all el-ccf9106f\"><div class=\"vce-row-content\" data-vce-element-content=\"true\"><div class=\"vce-col vce-col--md-15p vce-col--xs-1 vce-col--xs-last vce-col--xs-first vce-col--sm-last vce-col--sm-first vce-col--md-first vce-col--lg-first vce-col--xl-first\" id=\"el-91ba1b83\"><div class=\"vce-col-inner\" data-vce-do-apply=\"border margin background  el-91ba1b83\"><div class=\"vce-col-content\" data-vce-element-content=\"true\" data-vce-do-apply=\"padding el-91ba1b83\"><div><\/div><\/div><\/div><\/div><div class=\"vce-col vce-col--md-70p vce-col--xs-1 vce-col--xs-last vce-col--xs-first vce-col--sm-last vce-col--sm-first\" id=\"el-a0790f22\"><div class=\"vce-col-inner\" data-vce-do-apply=\"border margin background  el-a0790f22\"><div class=\"vce-col-content\" data-vce-element-content=\"true\" data-vce-do-apply=\"padding el-a0790f22\"><div class=\"vce-text-block\"><div class=\"vce-text-block-wrapper vce\" id=\"el-ca011e4d\" data-vce-do-apply=\"all el-ca011e4d\"><h2 style=\"text-align: center;\"><strong>\u017b\u0142obek Pozytywnego Rozwoju<\/strong><\/h2>\n<hr>\n<p class=\"m_6691123081543476234MsoListParagraph\" style=\"text-align: center;\"><\/p>\n<p><\/p><\/div><\/div><\/div><\/div><\/div><div class=\"vce-col vce-col--md-15p vce-col--xs-1 vce-col--xs-last vce-col--xs-first vce-col--sm-last vce-col--sm-first vce-col--md-last vce-col--lg-last vce-col--xl-last\" id=\"el-cfd47767\"><div class=\"vce-col-inner\" data-vce-do-apply=\"border margin background  el-cfd47767\"><div class=\"vce-col-content\" data-vce-element-content=\"true\" data-vce-do-apply=\"padding el-cfd47767\"><div><\/div><\/div><\/div><\/div><\/div><\/div><\/div><div class=\"vce-row-container\"><div class=\"vce-row vce-row--has-col-background vce-row--col-gap-30 vce-row-equal-height vce-row-content--middle\" data-vce-full-width=\"true\" data-vce-stretch-content=\"true\" id=\"el-1aa8e434\" data-vce-do-apply=\"all el-1aa8e434\"><div class=\"vce-content-background-container\"><\/div><div class=\"vce-row-content\" data-vce-element-content=\"true\"><div class=\"vce-col vce-col--md-50p vce-col--xs-1 vce-col--xs-last vce-col--xs-first vce-col--sm-last vce-col--sm-first vce-col--md-first vce-col--lg-first vce-col--xl-first\" id=\"el-64a8702c\"><div class=\"vce-col-inner\" data-vce-do-apply=\"border margin background  el-64a8702c\"><div class=\"vce-col-content\" data-vce-element-content=\"true\" data-vce-do-apply=\"padding el-64a8702c\"><div class=\"vce-row-container\" data-vce-boxed-width=\"true\"><div class=\"vce-row vce-row--col-gap-30 vce-row-equal-height vce-row-content--middle\" id=\"el-d5416a25\" data-vce-do-apply=\"all el-d5416a25\"><div class=\"vce-row-content\" data-vce-element-content=\"true\"><div class=\"vce-col vce-col--md-auto vce-col--xs-1 vce-col--xs-last vce-col--xs-first vce-col--sm-last vce-col--sm-first vce-col--md-last vce-col--lg-last vce-col--xl-last vce-col--md-first vce-col--lg-first vce-col--xl-first\" id=\"el-4cbf579f\"><div class=\"vce-col-inner\" data-vce-do-apply=\"border margin background  el-4cbf579f\"><div class=\"vce-col-content\" data-vce-element-content=\"true\" data-vce-do-apply=\"padding el-4cbf579f\"><div class=\"vce-text-block\"><div class=\"vce-text-block-wrapper vce\" id=\"el-14dab009\" data-vce-do-apply=\"all el-14dab009\"><p style=\"text-align: center; margin-top: 50px; margin-left: 10px; margin-right: 10px;\">\u017b\u0142obek Pozytywnego Rozwoju otrzyma\u0142 dofinansowanie z Urz\u0119du Miasta Poznania na lata 2024-2025.<\/p><br><p style=\"text-align: center; margin-left: 10px; margin-right: 10px;\">W ramach programu Aktywnie w z\u0142obku, rodzicom przys\u0142uguje dofinansowanie<\/p><br><p style=\"text-align: center; margin-left: 10px; margin-right: 10px;\">Zadzwo\u0144 do nas i dowiedz si\u0119 wiecej<br><a href=\"tel:+48730210902\" class=\"text-align: center;display:block; margin: auto;\">+48 730 210 902<\/a><\/p><\/div><\/div><\/div><\/div><\/div><\/div><\/div><\/div><div class=\"vce-row-container\" data-vce-boxed-width=\"true\"><div class=\"vce-row vce-row--col-gap-30 vce-row-equal-height vce-row-content--middle\" id=\"el-2af1d973\" data-vce-do-apply=\"all el-2af1d973\"><div class=\"vce-row-content\" data-vce-element-content=\"true\"><div class=\"vce-col vce-col--md-auto vce-col--xs-1 vce-col--xs-last vce-col--xs-first vce-col--sm-last vce-col--sm-first vce-col--md-last vce-col--lg-last vce-col--xl-last vce-col--md-first vce-col--lg-first vce-col--xl-first\" id=\"el-8d35c702\"><div class=\"vce-col-inner\" data-vce-do-apply=\"border margin background  el-8d35c702\"><div class=\"vce-col-content\" data-vce-element-content=\"true\" data-vce-do-apply=\"padding el-8d35c702\"><div><\/div><\/div><\/div><\/div><\/div><\/div><\/div><\/div><\/div><\/div><div class=\"vce-col vce-element--has-background vce-col--md-50p vce-col--xs-1 vce-col--xs-last vce-col--xs-first vce-col--sm-last vce-col--sm-first vce-col--md-last vce-col--lg-last vce-col--xl-last\" id=\"el-83590deb\"><div class=\"vce-col-inner\" data-vce-do-apply=\"border margin background  el-83590deb\"><div class=\"vce-content-background-container\"><div class=\"vce-asset-background-simple-container vce-visible-all-only vce-asset-background-simple--style-cover vce-asset-background-simple--position-center-top\"><div class=\"vce-asset-background-simple\">\n              <div class=\"vce-asset-background-simple-item vcv-lozad\" data-background-image=\"https:\/\/pozytywnegorozwoju.pl\/wachowiaka\/wp-content\/uploads\/2022\/10\/zlobek2.jpg\"><\/div>\n              <noscript>\n                <div class=\"vce-asset-background-simple-item\" style=\"background-image: url(https:\/\/pozytywnegorozwoju.pl\/wachowiaka\/wp-content\/uploads\/2022\/10\/zlobek2.jpg)\"><\/div>\n              <\/noscript>\n            <\/div><\/div><div class=\"vce-asset-color-gradient-container vce-visible-all-only\" data-vce-do-apply=\"gradient el-83590deb\"><\/div><\/div><div class=\"vce-col-content\" data-vce-element-content=\"true\" data-vce-do-apply=\"padding el-83590deb\"><div class=\"vce-text-block\"><div class=\"vce-text-block-wrapper vce\" id=\"el-93550580\" data-vce-do-apply=\"all el-93550580\"><div class=\"vce-hero-section--content-container\">\n<h1 style=\"text-align: center;\"><span style=\"color: #ffffff;\">Oferta Edukacyjna&nbsp;<\/span><\/h1>\n<p style=\"text-align: center;\"><strong><span style=\"color: #ffffff;\">Kszta\u0142tujemy edukacj\u0119 w taki spos\u00f3b, aby by\u0142a nastawiona na potrzeby<\/span><\/strong><\/p>\n<p style=\"text-align: center;\"><strong><span style=\"color: #ffffff;\"> wsp\u00f3\u0142czesno\u015bci i przysz\u0142o\u015bci.<\/span><\/strong><\/p>\n<\/div><\/div><\/div><div class=\"vce-button--style-basic-container vce-button--style-basic-container--align-center\"><span class=\"vce-button--style-basic-wrapper vce\" id=\"el-3f340632\" data-vce-do-apply=\"margin el-3f340632\"><a class=\"vce-button vce-button--style-basic vce-button--style-basic--border-round vce-button--style-basic--size-small vce-button--style-basic--color-b-255-180-0--b-33-33-33\" href=\"https:\/\/pozytywnegorozwoju.pl\/zlota\/oferta-edukacyjna\/\" title=\"\" data-vce-do-apply=\"padding border background  el-3f340632\">Oferta<\/a><\/span><\/div><\/div><\/div><\/div><\/div><\/div><\/div><div class=\"vce-row-container\" data-vce-boxed-width=\"true\"><div class=\"vce-row vce-row--col-gap-30 vce-row-equal-height vce-row-content--top\" id=\"el-5bb5fab3\" data-vce-do-apply=\"all el-5bb5fab3\"><div class=\"vce-content-background-container\"><\/div><div class=\"vce-row-content\" data-vce-element-content=\"true\"><div class=\"vce-col vce-col--md-auto vce-col--xs-1 vce-col--xs-last vce-col--xs-first vce-col--sm-last vce-col--sm-first vce-col--md-last vce-col--lg-last vce-col--xl-last vce-col--md-first vce-col--lg-first vce-col--xl-first\" id=\"el-47bea19f\"><div class=\"vce-col-inner\" data-vce-do-apply=\"border margin background  el-47bea19f\"><div class=\"vce-col-content\" data-vce-element-content=\"true\" data-vce-do-apply=\"padding el-47bea19f\"><div class=\"vce vce-separator-container vce-separator--align-center vce-separator--style-shadow\" id=\"el-f4f60a20\" data-vce-do-apply=\"margin el-f4f60a20\"><div class=\"vce-separator vce-separator--color-bfc0c1 vce-separator--width-100 vce-separator--thickness-6\" data-vce-do-apply=\"border padding background  el-f4f60a20\"><div class=\"vce-separator-shadow vce-separator-shadow-left\"><\/div><div class=\"vce-separator-shadow vce-separator-shadow-right\"><\/div><\/div><\/div><\/div><\/div><\/div><\/div><\/div><\/div><div class=\"vce-row-container\"><div class=\"vce-row vce-row--col-gap-30 vce-row-equal-height vce-row-content--middle\" data-vce-full-width=\"true\" data-vce-stretch-content=\"true\" id=\"el-fa7fd500\" data-vce-do-apply=\"all el-fa7fd500\"><div class=\"vce-content-background-container\"><\/div><div class=\"vce-row-content\" data-vce-element-content=\"true\"><div class=\"vce-col vce-col--md-auto vce-col--xs-1 vce-col--xs-last vce-col--xs-first vce-col--sm-last vce-col--sm-first vce-col--md-last vce-col--lg-last vce-col--xl-last vce-col--md-first vce-col--lg-first vce-col--xl-first\" id=\"el-1e62533f\"><div class=\"vce-col-inner\" data-vce-do-apply=\"border margin background  el-1e62533f\"><div class=\"vce-col-content\" data-vce-element-content=\"true\" data-vce-do-apply=\"padding el-1e62533f\"><div class=\"vce-row-container\" data-vce-boxed-width=\"true\"><div class=\"vce-row vce-row--col-gap-30 vce-row-equal-height vce-row-content--middle\" id=\"el-33582e37\" data-vce-do-apply=\"all el-33582e37\"><div class=\"vce-row-content\" data-vce-element-content=\"true\"><div class=\"vce-col vce-col--md-auto vce-col--xs-1 vce-col--xs-last vce-col--xs-first vce-col--sm-last vce-col--sm-first vce-col--md-last vce-col--lg-last vce-col--xl-last vce-col--md-first vce-col--lg-first vce-col--xl-first\" id=\"el-310a0e50\"><div class=\"vce-col-inner\" data-vce-do-apply=\"border margin background  el-310a0e50\"><div class=\"vce-col-content\" data-vce-element-content=\"true\" data-vce-do-apply=\"padding el-310a0e50\"><div class=\"vce-text-block\"><div class=\"vce-text-block-wrapper vce\" id=\"el-c123ba2a\" data-vce-do-apply=\"all el-c123ba2a\"><p style=\"text-align: center; margin-top: 50px; margin-left: 10px; margin-right: 10px;\">\u017b\u0142obek Pozytywnego Rozwoju otrzyma\u0142 dofinansowanie z Urz\u0119du Miasta Poznania na lata 2024-2025.<\/p><br><p style=\"text-align: center; margin-left: 10px; margin-right: 10px;\">W ramach programu Aktywnie w z\u0142obku, rodzicom przys\u0142uguje dofinansowanie<\/p><br><p style=\"text-align: center; margin-left: 10px; margin-right: 10px;\">Zadzwo\u0144 do nas i dowiedz si\u0119 wiecej<br><a href=\"tel:+48730210902\" class=\"text-align: center;display:block; margin: auto;\">+48 730 210 902<\/a><\/p><\/div><\/div><\/div><\/div><\/div><\/div><\/div><\/div><\/div><\/div><\/div><\/div><\/div><\/div>","protected":false},"excerpt":{"rendered":"<p>\u017b\u0142obek Pozytywnego Rozwoju \u017b\u0142obek Pozytywnego Rozwoju otrzyma\u0142 dofinansowanie z Urz\u0119du Miasta Poznania na lata 2024-2025.W ramach programu Aktywnie w z\u0142obku, rodzicom przys\u0142uguje dofinansowanieZadzwo\u0144 do nas i dowiedz si\u0119 wiecej+48 730 210 902 Oferta Edukacyjna&nbsp; Kszta\u0142tujemy edukacj\u0119 w taki spos\u00f3b, aby by\u0142a nastawiona na potrzeby wsp\u00f3\u0142czesno\u015bci i przysz\u0142o\u015bci. Oferta\u017b\u0142obek Pozytywnego Rozwoju [&hellip;]<\/p>\n","protected":false},"author":1,"featured_media":0,"parent":0,"menu_order":0,"comment_status":"closed","ping_status":"closed","template":"","meta":{"_themeisle_gutenberg_block_has_review":false,"footnotes":""},"class_list":["post-72","page","type-page","status-publish","hentry"],"_links":{"self":[{"href":"https:\/\/pozytywnegorozwoju.pl\/zlota\/wp-json\/wp\/v2\/pages\/72","targetHints":{"allow":["GET"]}}],"collection":[{"href":"https:\/\/pozytywnegorozwoju.pl\/zlota\/wp-json\/wp\/v2\/pages"}],"about":[{"href":"https:\/\/pozytywnegorozwoju.pl\/zlota\/wp-json\/wp\/v2\/types\/page"}],"author":[{"embeddable":true,"href":"https:\/\/pozytywnegorozwoju.pl\/zlota\/wp-json\/wp\/v2\/users\/1"}],"replies":[{"embeddable":true,"href":"https:\/\/pozytywnegorozwoju.pl\/zlota\/wp-json\/wp\/v2\/comments?post=72"}],"version-history":[{"count":12,"href":"https:\/\/pozytywnegorozwoju.pl\/zlota\/wp-json\/wp\/v2\/pages\/72\/revisions"}],"predecessor-version":[{"id":855,"href":"https:\/\/pozytywnegorozwoju.pl\/zlota\/wp-json\/wp\/v2\/pages\/72\/revisions\/855"}],"wp:attachment":[{"href":"https:\/\/pozytywnegorozwoju.pl\/zlota\/wp-json\/wp\/v2\/media?parent=72"}],"curies":[{"name":"wp","href":"https:\/\/api.w.org\/{rel}","templated":true}]}}