{"id":65,"date":"2022-11-27T18:42:27","date_gmt":"2022-11-27T17:42:27","guid":{"rendered":"https:\/\/pozytywnegorozwoju.pl\/zlota\/?page_id=65"},"modified":"2023-03-02T23:28:44","modified_gmt":"2023-03-02T22:28:44","slug":"o-nas","status":"publish","type":"page","link":"https:\/\/pozytywnegorozwoju.pl\/zlota\/o-nas\/","title":{"rendered":""},"content":{"rendered":"<div class=\"vce-row-container\"><div class=\"vce-row vce-row--col-gap-30 vce-row-equal-height vce-row-content--top\" data-vce-full-width=\"true\" data-vce-stretch-content=\"true\" id=\"el-3a052d40\" data-vce-do-apply=\"all el-3a052d40\"><div class=\"vce-row-content\" data-vce-element-content=\"true\"><div class=\"vce-col vce-col--md-auto vce-col--xs-1 vce-col--xs-last vce-col--xs-first vce-col--sm-last vce-col--sm-first vce-col--md-first vce-col--lg-first vce-col--xl-first\" id=\"el-35c605ab\"><div class=\"vce-col-inner\" data-vce-do-apply=\"border margin background  el-35c605ab\"><div class=\"vce-col-content\" data-vce-element-content=\"true\" data-vce-do-apply=\"padding el-35c605ab\"><div><\/div><\/div><\/div><\/div><div class=\"vce-col vce-col--md-auto vce-col--xs-1 vce-col--xs-last vce-col--xs-first vce-col--sm-last vce-col--sm-first\" id=\"el-bf6fb9b3\"><div class=\"vce-col-inner\" data-vce-do-apply=\"border margin background  el-bf6fb9b3\"><div class=\"vce-col-content\" data-vce-element-content=\"true\" data-vce-do-apply=\"padding el-bf6fb9b3\"><div class=\"vce-text-block\"><div class=\"vce-text-block-wrapper vce\" id=\"el-16d3d7d7\" data-vce-do-apply=\"all el-16d3d7d7\"><h2 style=\"text-align: center;\">Nasza Misja<\/h2><hr><h2 style=\"text-align: center;\"><\/h2><\/div><\/div><\/div><\/div><\/div><div class=\"vce-col vce-col--md-auto vce-col--xs-1 vce-col--xs-last vce-col--xs-first vce-col--sm-last vce-col--sm-first vce-col--md-last vce-col--lg-last vce-col--xl-last\" id=\"el-2249b325\"><div class=\"vce-col-inner\" data-vce-do-apply=\"border margin background  el-2249b325\"><div class=\"vce-col-content\" data-vce-element-content=\"true\" data-vce-do-apply=\"padding el-2249b325\"><div><\/div><\/div><\/div><\/div><\/div><\/div><\/div><div class=\"vce-row-container\"><div class=\"vce-row vce-row--col-gap-30 vce-row-equal-height vce-row-content--top\" data-vce-full-width=\"true\" data-vce-stretch-content=\"true\" id=\"el-64f1a183\" data-vce-do-apply=\"all el-64f1a183\"><div class=\"vce-row-content\" data-vce-element-content=\"true\"><div class=\"vce-col vce-col--md-18p vce-col--xs-1 vce-col--xs-last vce-col--xs-first vce-col--sm-last vce-col--sm-first vce-col--md-first vce-col--lg-first vce-col--xl-first\" id=\"el-4383b529\"><div class=\"vce-col-inner\" data-vce-do-apply=\"border margin background  el-4383b529\"><div class=\"vce-col-content\" data-vce-element-content=\"true\" data-vce-do-apply=\"padding el-4383b529\"><div><\/div><\/div><\/div><\/div><div class=\"vce-col vce-col--md-64p vce-col--xs-1 vce-col--xs-last vce-col--xs-first vce-col--sm-last vce-col--sm-first\" id=\"el-0e0daa7a\"><div class=\"vce-col-inner\" data-vce-do-apply=\"border margin background  el-0e0daa7a\"><div class=\"vce-col-content\" data-vce-element-content=\"true\" data-vce-do-apply=\"padding el-0e0daa7a\"><div class=\"vce-text-block\"><div class=\"vce-text-block-wrapper vce\" id=\"el-6198de3c\" data-vce-do-apply=\"all el-6198de3c\"><p style=\"text-align: center;\"><span style=\"font-size: 16pt;\">W naszym \u017c\u0142obku i przedszkolu tworzymy bezpieczne \u015brodowisko, zapewniaj\u0105ce dzieciom warunki do wszechstronnego rozwoju w obszarze poznawczym, fizycznym oraz spo\u0142eczno-emocjonalnym. Bardzo wa\u017cne jest dla nas indywidualne podmiotowe traktowanie dziecka, dostrzeganie jego potrzeb i talent\u00f3w. Jeste\u015bmy przekonani o du\u017cej warto\u015bci pracy w duchu porozumienia bez przemocy oraz wprowadzania systemu opartego na budowaniu motywacji wewn\u0119trznej dziecka.<\/span><\/p><\/div><\/div><\/div><\/div><\/div><div class=\"vce-col vce-col--md-18p vce-col--xs-1 vce-col--xs-last vce-col--xs-first vce-col--sm-last vce-col--sm-first vce-col--md-last vce-col--lg-last vce-col--xl-last\" id=\"el-8fee77c1\"><div class=\"vce-col-inner\" data-vce-do-apply=\"border margin background  el-8fee77c1\"><div class=\"vce-col-content\" data-vce-element-content=\"true\" data-vce-do-apply=\"padding el-8fee77c1\"><div><\/div><\/div><\/div><\/div><\/div><\/div><\/div><div class=\"vce-row-container\"><div class=\"vce-row vce-row--col-gap-30 vce-row-equal-height vce-row-content--top\" data-vce-full-width=\"true\" data-vce-stretch-content=\"true\" id=\"el-18ecfdfa\" data-vce-do-apply=\"all el-18ecfdfa\"><div class=\"vce-row-content\" data-vce-element-content=\"true\"><div class=\"vce-col vce-col--md-3p vce-col--xs-1 vce-col--xs-last vce-col--xs-first vce-col--sm-last vce-col--sm-first vce-col--md-first vce-col--lg-first vce-col--xl-first\" id=\"el-436acba6\"><div class=\"vce-col-inner\" data-vce-do-apply=\"border margin background  el-436acba6\"><div class=\"vce-col-content\" data-vce-element-content=\"true\" data-vce-do-apply=\"padding el-436acba6\"><div><\/div><\/div><\/div><\/div><div class=\"vce-col vce-col--md-94p vce-col--xs-1 vce-col--xs-last vce-col--xs-first vce-col--sm-last vce-col--sm-first\" id=\"el-669cd3f6\"><div class=\"vce-col-inner\" data-vce-do-apply=\"border margin background  el-669cd3f6\"><div class=\"vce-col-content\" data-vce-element-content=\"true\" data-vce-do-apply=\"padding el-669cd3f6\"><div class=\"vce vce-separator-container vce-separator--align-center vce-separator--style-shadow\" id=\"el-8141194d\" data-vce-do-apply=\"margin el-8141194d\"><div class=\"vce-separator vce-separator--color-bfc0c1 vce-separator--width-100 vce-separator--thickness-6\" data-vce-do-apply=\"border padding background  el-8141194d\"><div class=\"vce-separator-shadow vce-separator-shadow-left\"><\/div><div class=\"vce-separator-shadow vce-separator-shadow-right\"><\/div><\/div><\/div><\/div><\/div><\/div><div class=\"vce-col vce-col--md-3p vce-col--xs-1 vce-col--xs-last vce-col--xs-first vce-col--sm-last vce-col--sm-first vce-col--md-last vce-col--lg-last vce-col--xl-last\" id=\"el-6ccb169c\"><div class=\"vce-col-inner\" data-vce-do-apply=\"border margin background  el-6ccb169c\"><div class=\"vce-col-content\" data-vce-element-content=\"true\" data-vce-do-apply=\"padding el-6ccb169c\"><div><\/div><\/div><\/div><\/div><\/div><\/div><\/div><div class=\"vce-row-container\"><div class=\"vce-row vce-row--col-gap-30 vce-row-equal-height vce-row-content--top\" data-vce-full-width=\"true\" data-vce-stretch-content=\"true\" id=\"el-8e6e4c61\" data-vce-do-apply=\"all el-8e6e4c61\"><div class=\"vce-content-background-container\"><\/div><div class=\"vce-row-content\" data-vce-element-content=\"true\"><div class=\"vce-col vce-col--md-7p vce-col--xs-1 vce-col--xs-last vce-col--xs-first vce-col--sm-last vce-col--sm-first vce-col--md-first vce-col--lg-first vce-col--xl-first\" id=\"el-c2baad72\"><div class=\"vce-col-inner\" data-vce-do-apply=\"border margin background  el-c2baad72\"><div class=\"vce-col-content\" data-vce-element-content=\"true\" data-vce-do-apply=\"padding el-c2baad72\"><div><\/div><\/div><\/div><\/div><div class=\"vce-col vce-col--md-86p vce-col--xs-1 vce-col--xs-last vce-col--xs-first vce-col--sm-last vce-col--sm-first\" id=\"el-6a76eeda\"><div class=\"vce-col-inner\" data-vce-do-apply=\"border margin background  el-6a76eeda\"><div class=\"vce-col-content\" data-vce-element-content=\"true\" data-vce-do-apply=\"padding el-6a76eeda\"><div class=\"vce-image-gallery vce-image-gallery--gap-10 vce-image-gallery--columns-6 vce-image-gallery--border-rounded\"><div class=\"vce-image-gallery-wrapper vce\" id=\"el-8d8f8b36\" data-vce-do-apply=\"all el-8d8f8b36\"><div class=\"vce-image-gallery-list\"><div class=\"vce-image-gallery-item\"><figure class=\"vce-image-gallery-item-inner-wrapper\"><a href=\"https:\/\/pozytywnegorozwoju.pl\/zlota\/wp-content\/uploads\/2022\/12\/zlobek5-\u2014-kopia.jpg\" data-lightbox=\"lightbox-8d8f8b36\" class=\"vce-image-gallery-item-inner\"><img decoding=\"async\" class=\"vce-image-gallery-img\" src=\"https:\/\/pozytywnegorozwoju.pl\/zlota\/wp-content\/uploads\/2022\/12\/zlobek5-\u2014-kopia-1024x682.jpg\" alt=\"\" title=\"zlobek5 \u2014 kopia\"><\/a><\/figure><\/div><div class=\"vce-image-gallery-item\"><figure class=\"vce-image-gallery-item-inner-wrapper\"><a href=\"https:\/\/pozytywnegorozwoju.pl\/zlota\/wp-content\/uploads\/2022\/12\/duza_pion2-\u2014-kopia.jpg\" data-lightbox=\"lightbox-8d8f8b36\" class=\"vce-image-gallery-item-inner\"><img decoding=\"async\" class=\"vce-image-gallery-img vce-image-gallery-img--orientation-portrait\" src=\"https:\/\/pozytywnegorozwoju.pl\/zlota\/wp-content\/uploads\/2022\/12\/duza_pion2-\u2014-kopia-682x1024.jpg\" alt=\"\" title=\"duza_pion2 \u2014 kopia\"><\/a><\/figure><\/div><div class=\"vce-image-gallery-item\"><figure class=\"vce-image-gallery-item-inner-wrapper\"><a href=\"https:\/\/pozytywnegorozwoju.pl\/zlota\/wp-content\/uploads\/2022\/12\/duza_pion1-\u2014-kopia.jpg\" data-lightbox=\"lightbox-8d8f8b36\" class=\"vce-image-gallery-item-inner\"><img decoding=\"async\" class=\"vce-image-gallery-img vce-image-gallery-img--orientation-portrait\" src=\"https:\/\/pozytywnegorozwoju.pl\/zlota\/wp-content\/uploads\/2022\/12\/duza_pion1-\u2014-kopia-682x1024.jpg\" alt=\"\" title=\"duza_pion1 \u2014 kopia\"><\/a><\/figure><\/div><div class=\"vce-image-gallery-item\"><figure class=\"vce-image-gallery-item-inner-wrapper\"><a href=\"https:\/\/pozytywnegorozwoju.pl\/zlota\/wp-content\/uploads\/2022\/12\/zolta_zabawki6.jpg\" data-lightbox=\"lightbox-8d8f8b36\" class=\"vce-image-gallery-item-inner\"><img decoding=\"async\" class=\"vce-image-gallery-img\" src=\"https:\/\/pozytywnegorozwoju.pl\/zlota\/wp-content\/uploads\/2022\/12\/zolta_zabawki6-1024x683.jpg\" alt=\"\" title=\"zolta_zabawki6\"><\/a><\/figure><\/div><div class=\"vce-image-gallery-item\"><figure class=\"vce-image-gallery-item-inner-wrapper\"><a href=\"https:\/\/pozytywnegorozwoju.pl\/zlota\/wp-content\/uploads\/2022\/12\/zolta_zabawki5.jpg\" data-lightbox=\"lightbox-8d8f8b36\" class=\"vce-image-gallery-item-inner\"><img decoding=\"async\" class=\"vce-image-gallery-img vce-image-gallery-img--orientation-portrait\" src=\"https:\/\/pozytywnegorozwoju.pl\/zlota\/wp-content\/uploads\/2022\/12\/zolta_zabawki5-682x1024.jpg\" alt=\"\" title=\"zolta_zabawki5\"><\/a><\/figure><\/div><div class=\"vce-image-gallery-item\"><figure class=\"vce-image-gallery-item-inner-wrapper\"><a href=\"https:\/\/pozytywnegorozwoju.pl\/zlota\/wp-content\/uploads\/2022\/12\/zolta_zabawki4.jpg\" data-lightbox=\"lightbox-8d8f8b36\" class=\"vce-image-gallery-item-inner\"><img decoding=\"async\" class=\"vce-image-gallery-img\" src=\"https:\/\/pozytywnegorozwoju.pl\/zlota\/wp-content\/uploads\/2022\/12\/zolta_zabawki4-1024x682.jpg\" alt=\"\" title=\"zolta_zabawki4\"><\/a><\/figure><\/div><\/div><\/div><\/div><\/div><\/div><\/div><div class=\"vce-col vce-col--md-7p vce-col--xs-1 vce-col--xs-last vce-col--xs-first vce-col--sm-last vce-col--sm-first vce-col--md-last vce-col--lg-last vce-col--xl-last\" id=\"el-c43d131c\"><div class=\"vce-col-inner\" data-vce-do-apply=\"border margin background  el-c43d131c\"><div class=\"vce-col-content\" data-vce-element-content=\"true\" data-vce-do-apply=\"padding el-c43d131c\"><div><\/div><\/div><\/div><\/div><\/div><\/div><\/div><div class=\"vce-row-container\"><div class=\"vce-row vce-row--col-gap-30 vce-row-equal-height vce-row-content--top\" data-vce-full-width=\"true\" data-vce-stretch-content=\"true\" id=\"el-84a783a7\" data-vce-do-apply=\"all el-84a783a7\"><div class=\"vce-content-background-container\"><\/div><div class=\"vce-row-content\" data-vce-element-content=\"true\"><div class=\"vce-col vce-col--md-3p vce-col--xs-1 vce-col--xs-last vce-col--xs-first vce-col--sm-last vce-col--sm-first vce-col--md-first vce-col--lg-first vce-col--xl-first\" id=\"el-32192a9c\"><div class=\"vce-col-inner\" data-vce-do-apply=\"border margin background  el-32192a9c\"><div class=\"vce-col-content\" data-vce-element-content=\"true\" data-vce-do-apply=\"padding el-32192a9c\"><div><\/div><\/div><\/div><\/div><div class=\"vce-col vce-col--md-94p vce-col--xs-1 vce-col--xs-last vce-col--xs-first vce-col--sm-last vce-col--sm-first\" id=\"el-426cda77\"><div class=\"vce-col-inner\" data-vce-do-apply=\"border margin background  el-426cda77\"><div class=\"vce-col-content\" data-vce-element-content=\"true\" data-vce-do-apply=\"padding el-426cda77\"><div class=\"vce vce-separator-container vce-separator--align-center vce-separator--style-shadow\" id=\"el-dfc89f17\" data-vce-do-apply=\"margin el-dfc89f17\"><div class=\"vce-separator vce-separator--color-bfc0c1 vce-separator--width-100 vce-separator--thickness-6\" data-vce-do-apply=\"border padding background  el-dfc89f17\"><div class=\"vce-separator-shadow vce-separator-shadow-left\"><\/div><div class=\"vce-separator-shadow vce-separator-shadow-right\"><\/div><\/div><\/div><\/div><\/div><\/div><div class=\"vce-col vce-col--md-3p vce-col--xs-1 vce-col--xs-last vce-col--xs-first vce-col--sm-last vce-col--sm-first vce-col--md-last vce-col--lg-last vce-col--xl-last\" id=\"el-1a37c59c\"><div class=\"vce-col-inner\" data-vce-do-apply=\"border margin background  el-1a37c59c\"><div class=\"vce-col-content\" data-vce-element-content=\"true\" data-vce-do-apply=\"padding el-1a37c59c\"><div><\/div><\/div><\/div><\/div><\/div><\/div><\/div>","protected":false},"excerpt":{"rendered":"<p>Nasza MisjaW naszym \u017c\u0142obku i przedszkolu tworzymy bezpieczne \u015brodowisko, zapewniaj\u0105ce dzieciom warunki do wszechstronnego rozwoju w obszarze poznawczym, fizycznym oraz spo\u0142eczno-emocjonalnym. Bardzo wa\u017cne jest dla nas indywidualne podmiotowe traktowanie dziecka, dostrzeganie jego potrzeb i talent\u00f3w. Jeste\u015bmy przekonani o du\u017cej warto\u015bci pracy w duchu porozumienia bez przemocy oraz wprowadzania systemu opartego [&hellip;]<\/p>\n","protected":false},"author":1,"featured_media":0,"parent":0,"menu_order":0,"comment_status":"closed","ping_status":"closed","template":"","meta":{"_themeisle_gutenberg_block_has_review":false,"footnotes":""},"class_list":["post-65","page","type-page","status-publish","hentry"],"_links":{"self":[{"href":"https:\/\/pozytywnegorozwoju.pl\/zlota\/wp-json\/wp\/v2\/pages\/65","targetHints":{"allow":["GET"]}}],"collection":[{"href":"https:\/\/pozytywnegorozwoju.pl\/zlota\/wp-json\/wp\/v2\/pages"}],"about":[{"href":"https:\/\/pozytywnegorozwoju.pl\/zlota\/wp-json\/wp\/v2\/types\/page"}],"author":[{"embeddable":true,"href":"https:\/\/pozytywnegorozwoju.pl\/zlota\/wp-json\/wp\/v2\/users\/1"}],"replies":[{"embeddable":true,"href":"https:\/\/pozytywnegorozwoju.pl\/zlota\/wp-json\/wp\/v2\/comments?post=65"}],"version-history":[{"count":12,"href":"https:\/\/pozytywnegorozwoju.pl\/zlota\/wp-json\/wp\/v2\/pages\/65\/revisions"}],"predecessor-version":[{"id":822,"href":"https:\/\/pozytywnegorozwoju.pl\/zlota\/wp-json\/wp\/v2\/pages\/65\/revisions\/822"}],"wp:attachment":[{"href":"https:\/\/pozytywnegorozwoju.pl\/zlota\/wp-json\/wp\/v2\/media?parent=65"}],"curies":[{"name":"wp","href":"https:\/\/api.w.org\/{rel}","templated":true}]}}