{"id":55,"date":"2022-11-27T18:31:15","date_gmt":"2022-11-27T17:31:15","guid":{"rendered":"https:\/\/pozytywnegorozwoju.pl\/wolsztyn\/?page_id=55"},"modified":"2025-07-06T22:25:07","modified_gmt":"2025-07-06T20:25:07","slug":"czesne","status":"publish","type":"page","link":"https:\/\/pozytywnegorozwoju.pl\/wolsztyn\/czesne\/","title":{"rendered":""},"content":{"rendered":"<div class=\"vce-row-container\"><div class=\"vce-row vce-row--col-gap-30 vce-row-equal-height vce-row-content--middle\" data-vce-full-width=\"true\" data-vce-stretch-content=\"true\" id=\"el-685f1cb5\" data-vce-do-apply=\"all el-685f1cb5\"><div class=\"vce-row-content\" data-vce-element-content=\"true\"><div class=\"vce-col vce-col--md-15p vce-col--xs-1 vce-col--xs-last vce-col--xs-first vce-col--sm-last vce-col--sm-first vce-col--md-first vce-col--lg-first vce-col--xl-first\" id=\"el-5c7aaafe\"><div class=\"vce-col-inner\" data-vce-do-apply=\"border margin background  el-5c7aaafe\"><div class=\"vce-col-content\" data-vce-element-content=\"true\" data-vce-do-apply=\"padding el-5c7aaafe\"><div><\/div><\/div><\/div><\/div><div class=\"vce-col vce-col--md-70p vce-col--xs-1 vce-col--xs-last vce-col--xs-first vce-col--sm-last vce-col--sm-first\" id=\"el-efd14761\"><div class=\"vce-col-inner\" data-vce-do-apply=\"border margin background  el-efd14761\"><div class=\"vce-col-content\" data-vce-element-content=\"true\" data-vce-do-apply=\"padding el-efd14761\"><div class=\"vce-text-block\"><div class=\"vce-text-block-wrapper vce\" id=\"el-fce9234b\" data-vce-do-apply=\"all el-fce9234b\"><h2 style=\"text-align: center;\"><strong>\u017b\u0142obek Pozytywnego Rozwoju<\/strong><\/h2>\n<hr>\n<p class=\"m_6691123081543476234MsoListParagraph\" style=\"text-align: center;\"><\/p>\n<p><\/p><\/div><\/div><\/div><\/div><\/div><div class=\"vce-col vce-col--md-15p vce-col--xs-1 vce-col--xs-last vce-col--xs-first vce-col--sm-last vce-col--sm-first vce-col--md-last vce-col--lg-last vce-col--xl-last\" id=\"el-5eb8b72b\"><div class=\"vce-col-inner\" data-vce-do-apply=\"border margin background  el-5eb8b72b\"><div class=\"vce-col-content\" data-vce-element-content=\"true\" data-vce-do-apply=\"padding el-5eb8b72b\"><div><\/div><\/div><\/div><\/div><\/div><\/div><\/div><div class=\"vce-row-container\"><div class=\"vce-row vce-row--col-gap-30 vce-row-equal-height vce-row-content--middle\" data-vce-full-width=\"true\" data-vce-stretch-content=\"true\" id=\"el-7d9ad2ab\" data-vce-do-apply=\"all el-7d9ad2ab\"><div class=\"vce-content-background-container\"><\/div><div class=\"vce-row-content\" data-vce-element-content=\"true\"><div class=\"vce-col vce-col--md-auto vce-col--xs-1 vce-col--xs-last vce-col--xs-first vce-col--sm-last vce-col--sm-first vce-col--md-last vce-col--lg-last vce-col--xl-last vce-col--md-first vce-col--lg-first vce-col--xl-first\" id=\"el-194fe1ba\"><div class=\"vce-col-inner\" data-vce-do-apply=\"border margin background  el-194fe1ba\"><div class=\"vce-col-content\" data-vce-element-content=\"true\" data-vce-do-apply=\"padding el-194fe1ba\"><div class=\"vce-row-container\" data-vce-boxed-width=\"true\"><div class=\"vce-row vce-row--col-gap-30 vce-row-equal-height vce-row-content--middle\" id=\"el-9a93a932\" data-vce-do-apply=\"all el-9a93a932\"><div class=\"vce-row-content\" data-vce-element-content=\"true\"><div class=\"vce-col vce-col--md-auto vce-col--xs-1 vce-col--xs-last vce-col--xs-first vce-col--sm-last vce-col--sm-first vce-col--md-first vce-col--lg-first vce-col--xl-first\" id=\"el-7a586acb\"><div class=\"vce-col-inner\" data-vce-do-apply=\"border margin background  el-7a586acb\"><div class=\"vce-col-content\" data-vce-element-content=\"true\" data-vce-do-apply=\"padding el-7a586acb\"><div class=\"vce-text-block\"><div class=\"vce-text-block-wrapper vce\" id=\"el-0a8d68b7\" data-vce-do-apply=\"all el-0a8d68b7\"><p style=\"text-align: center;\"><span style=\"font-size: 14pt;\">CZESNE<\/span><\/p>\n<p class=\"m_6691123081543476234MsoListParagraph\" style=\"text-align: center;\"><\/p><\/div><\/div><\/div><\/div><\/div><div class=\"vce-col vce-col--md-auto vce-col--xs-1 vce-col--xs-last vce-col--xs-first vce-col--sm-last vce-col--sm-first vce-col--md-last vce-col--lg-last vce-col--xl-last\" id=\"el-8425d652\"><div class=\"vce-col-inner\" data-vce-do-apply=\"border margin background  el-8425d652\"><div class=\"vce-col-content\" data-vce-element-content=\"true\" data-vce-do-apply=\"padding el-8425d652\"><div class=\"vce-text-block\"><div class=\"vce-text-block-wrapper vce\" id=\"el-c86618d2\" data-vce-do-apply=\"all el-c86618d2\"><p style=\"text-align: center;\"><strong style=\"font-size: 16pt;\">1 800 z\u0142<\/strong><\/p>\n<p><\/p><\/div><\/div><\/div><\/div><\/div><\/div><\/div><\/div><div class=\"vce-row-container\"><div class=\"vce-row vce-row--col-gap-30 vce-row-equal-height vce-row-content--top\" data-vce-full-width=\"true\" data-vce-stretch-content=\"true\" id=\"el-7a148808\" data-vce-do-apply=\"all el-7a148808\"><div class=\"vce-row-content\" data-vce-element-content=\"true\"><div class=\"vce-col vce-col--md-auto vce-col--xs-1 vce-col--xs-last vce-col--xs-first vce-col--sm-last vce-col--sm-first vce-col--md-last vce-col--lg-last vce-col--xl-last vce-col--md-first vce-col--lg-first vce-col--xl-first\" id=\"el-a89a8cb6\"><div class=\"vce-col-inner\" data-vce-do-apply=\"border margin background  el-a89a8cb6\"><div class=\"vce-col-content\" data-vce-element-content=\"true\" data-vce-do-apply=\"padding el-a89a8cb6\"><div class=\"vce vce-separator-container vce-separator--align-center vce-separator--style-shadow\" id=\"el-b49ad29c\" data-vce-do-apply=\"margin el-b49ad29c\"><div class=\"vce-separator vce-separator--color-bfc0c1 vce-separator--width-100 vce-separator--thickness-6\" data-vce-do-apply=\"border padding background  el-b49ad29c\"><div class=\"vce-separator-shadow vce-separator-shadow-left\"><\/div><div class=\"vce-separator-shadow vce-separator-shadow-right\"><\/div><\/div><\/div><\/div><\/div><\/div><\/div><\/div><\/div><div class=\"vce-row-container\" data-vce-boxed-width=\"true\"><div class=\"vce-row vce-row--col-gap-30 vce-row-equal-height vce-row-content--middle\" id=\"el-5d686c05\" data-vce-do-apply=\"all el-5d686c05\"><div class=\"vce-row-content\" data-vce-element-content=\"true\"><div class=\"vce-col vce-col--md-auto vce-col--xs-1 vce-col--xs-last vce-col--xs-first vce-col--sm-last vce-col--sm-first vce-col--md-first vce-col--lg-first vce-col--xl-first\" id=\"el-68a1b8f2\"><div class=\"vce-col-inner\" data-vce-do-apply=\"border margin background  el-68a1b8f2\"><div class=\"vce-col-content\" data-vce-element-content=\"true\" data-vce-do-apply=\"padding el-68a1b8f2\"><div class=\"vce-text-block\"><div class=\"vce-text-block-wrapper vce\" id=\"el-0a548e0c\" data-vce-do-apply=\"all el-0a548e0c\"><p class=\"m_6691123081543476234MsoListParagraph\" style=\"text-align: center;\"><span style=\"font-size: 14pt;\">WY\u017bYWIENIE <strong><\/strong><\/span><\/p><\/div><\/div><\/div><\/div><\/div><div class=\"vce-col vce-col--md-auto vce-col--xs-1 vce-col--xs-last vce-col--xs-first vce-col--sm-last vce-col--sm-first vce-col--md-last vce-col--lg-last vce-col--xl-last\" id=\"el-12535426\"><div class=\"vce-col-inner\" data-vce-do-apply=\"border margin background  el-12535426\"><div class=\"vce-col-content\" data-vce-element-content=\"true\" data-vce-do-apply=\"padding el-12535426\"><div class=\"vce-text-block\"><div class=\"vce-text-block-wrapper vce\" id=\"el-44236028\" data-vce-do-apply=\"all el-44236028\"><p class=\"m_6691123081543476234MsoListParagraph\" style=\"text-align: center;\"><strong>400 z\u0142 \u2013 500 z\u0142<\/strong><\/p>\n<p class=\"m_6691123081543476234MsoListParagraph\" style=\"text-align: center;\"><span style=\"font-size: 14pt;\">Rycza\u0142towe<\/span><\/p>\n<p><\/p><\/div><\/div><\/div><\/div><\/div><\/div><\/div><\/div><div class=\"vce-row-container\" data-vce-boxed-width=\"true\"><div class=\"vce-row vce-row--col-gap-30 vce-row-equal-height vce-row-content--top\" id=\"el-357c589b\" data-vce-do-apply=\"all el-357c589b\"><div class=\"vce-row-content\" data-vce-element-content=\"true\"><div class=\"vce-col vce-col--md-auto vce-col--xs-1 vce-col--xs-last vce-col--xs-first vce-col--sm-last vce-col--sm-first vce-col--md-last vce-col--lg-last vce-col--xl-last vce-col--md-first vce-col--lg-first vce-col--xl-first\" id=\"el-6eee451c\"><div class=\"vce-col-inner\" data-vce-do-apply=\"border margin background  el-6eee451c\"><div class=\"vce-col-content\" data-vce-element-content=\"true\" data-vce-do-apply=\"padding el-6eee451c\"><div class=\"vce vce-separator-container vce-separator--align-center vce-separator--style-shadow\" id=\"el-050be106\" data-vce-do-apply=\"margin el-050be106\"><div class=\"vce-separator vce-separator--color-bfc0c1 vce-separator--width-100 vce-separator--thickness-6\" data-vce-do-apply=\"border padding background  el-050be106\"><div class=\"vce-separator-shadow vce-separator-shadow-left\"><\/div><div class=\"vce-separator-shadow vce-separator-shadow-right\"><\/div><\/div><\/div><\/div><\/div><\/div><\/div><\/div><\/div><div class=\"vce-row-container\" data-vce-boxed-width=\"true\"><div class=\"vce-row vce-row--col-gap-30 vce-row-equal-height vce-row-content--middle\" id=\"el-53595ed3\" data-vce-do-apply=\"all el-53595ed3\"><div class=\"vce-row-content\" data-vce-element-content=\"true\"><div class=\"vce-col vce-col--md-auto vce-col--xs-1 vce-col--xs-last vce-col--xs-first vce-col--sm-last vce-col--sm-first vce-col--md-first vce-col--lg-first vce-col--xl-first\" id=\"el-09859928\"><div class=\"vce-col-inner\" data-vce-do-apply=\"border margin background  el-09859928\"><div class=\"vce-col-content\" data-vce-element-content=\"true\" data-vce-do-apply=\"padding el-09859928\"><div class=\"vce-text-block\"><div class=\"vce-text-block-wrapper vce\" id=\"el-d81dd6b7\" data-vce-do-apply=\"all el-d81dd6b7\"><p class=\"m_6691123081543476234MsoListParagraph\" style=\"text-align: center;\"><span style=\"font-size: 14pt;\">WPISOWE&nbsp;<\/span><\/p><\/div><\/div><\/div><\/div><\/div><div class=\"vce-col vce-col--md-auto vce-col--xs-1 vce-col--xs-last vce-col--xs-first vce-col--sm-last vce-col--sm-first vce-col--md-last vce-col--lg-last vce-col--xl-last\" id=\"el-a6325eac\"><div class=\"vce-col-inner\" data-vce-do-apply=\"border margin background  el-a6325eac\"><div class=\"vce-col-content\" data-vce-element-content=\"true\" data-vce-do-apply=\"padding el-a6325eac\"><div class=\"vce-text-block\"><div class=\"vce-text-block-wrapper vce\" id=\"el-6e63de39\" data-vce-do-apply=\"all el-6e63de39\"><p class=\"m_6691123081543476234MsoListParagraph\" style=\"text-align: center;\"><span style=\"font-size: 16pt;\"><strong>1 000 z\u0142<\/strong><\/span><\/p><\/div><\/div><\/div><\/div><\/div><\/div><\/div><\/div><\/div><\/div><\/div><\/div><\/div><\/div><div class=\"vce-row-container\"><div class=\"vce-row vce-row--has-col-background vce-row--col-gap-30 vce-row-equal-height vce-row-content--middle\" data-vce-full-width=\"true\" data-vce-stretch-content=\"true\" id=\"el-8b9a5154\" data-vce-do-apply=\"all el-8b9a5154\"><div class=\"vce-content-background-container\"><\/div><div class=\"vce-row-content\" data-vce-element-content=\"true\"><div class=\"vce-col vce-col--md-50p vce-col--xs-1 vce-col--xs-last vce-col--xs-first vce-col--sm-last vce-col--sm-first vce-col--md-first vce-col--lg-first vce-col--xl-first\" id=\"el-02f963f4\"><div class=\"vce-col-inner\" data-vce-do-apply=\"border margin background  el-02f963f4\"><div class=\"vce-col-content\" data-vce-element-content=\"true\" data-vce-do-apply=\"padding el-02f963f4\"><div class=\"vce-row-container\" data-vce-boxed-width=\"true\"><div class=\"vce-row vce-row--col-gap-30 vce-row-equal-height vce-row-content--middle\" id=\"el-07e29201\" data-vce-do-apply=\"all el-07e29201\"><div class=\"vce-row-content\" data-vce-element-content=\"true\"><div class=\"vce-col vce-col--md-auto vce-col--xs-1 vce-col--xs-last vce-col--xs-first vce-col--sm-last vce-col--sm-first vce-col--md-first vce-col--lg-first vce-col--xl-first\" id=\"el-24044678\"><div class=\"vce-col-inner\" data-vce-do-apply=\"border margin background  el-24044678\"><div class=\"vce-col-content\" data-vce-element-content=\"true\" data-vce-do-apply=\"padding el-24044678\"><div class=\"vce-text-block\"><div class=\"vce-text-block-wrapper vce\" id=\"el-47a797ff\" data-vce-do-apply=\"all el-47a797ff\"><p style=\"text-align: center;\"><span style=\"font-size: 14pt;\">CZESNE&nbsp;<\/span><\/p>\n<p class=\"m_6691123081543476234MsoListParagraph\" style=\"text-align: center;\"><\/p><\/div><\/div><\/div><\/div><\/div><div class=\"vce-col vce-col--md-auto vce-col--xs-1 vce-col--xs-last vce-col--xs-first vce-col--sm-last vce-col--sm-first vce-col--md-last vce-col--lg-last vce-col--xl-last\" id=\"el-6defa392\"><div class=\"vce-col-inner\" data-vce-do-apply=\"border margin background  el-6defa392\"><div class=\"vce-col-content\" data-vce-element-content=\"true\" data-vce-do-apply=\"padding el-6defa392\"><div class=\"vce-text-block\"><div class=\"vce-text-block-wrapper vce\" id=\"el-b602803c\" data-vce-do-apply=\"all el-b602803c\"><p style=\"text-align: center;\"><strong style=\"font-size: 16pt;\">1 800 z\u0142<\/strong><\/p>\n<p><\/p><\/div><\/div><\/div><\/div><\/div><\/div><\/div><\/div><div class=\"vce-row-container\" data-vce-boxed-width=\"true\"><div class=\"vce-row vce-row--col-gap-30 vce-row-equal-height vce-row-content--middle\" id=\"el-9ef487aa\" data-vce-do-apply=\"all el-9ef487aa\"><div class=\"vce-row-content\" data-vce-element-content=\"true\"><div class=\"vce-col vce-col--md-auto vce-col--xs-1 vce-col--xs-last vce-col--xs-first vce-col--sm-last vce-col--sm-first vce-col--md-last vce-col--lg-last vce-col--xl-last vce-col--md-first vce-col--lg-first vce-col--xl-first\" id=\"el-7ca568b6\"><div class=\"vce-col-inner\" data-vce-do-apply=\"border margin background  el-7ca568b6\"><div class=\"vce-col-content\" data-vce-element-content=\"true\" data-vce-do-apply=\"padding el-7ca568b6\"><div class=\"vce vce-separator-container vce-separator--align-center vce-separator--style-shadow\" id=\"el-918dec57\" data-vce-do-apply=\"margin el-918dec57\"><div class=\"vce-separator vce-separator--color-bfc0c1 vce-separator--width-100 vce-separator--thickness-6\" data-vce-do-apply=\"border padding background  el-918dec57\"><div class=\"vce-separator-shadow vce-separator-shadow-left\"><\/div><div class=\"vce-separator-shadow vce-separator-shadow-right\"><\/div><\/div><\/div><\/div><\/div><\/div><\/div><\/div><\/div><div class=\"vce-row-container\" data-vce-boxed-width=\"true\"><div class=\"vce-row vce-row--col-gap-30 vce-row-equal-height vce-row-content--middle\" id=\"el-cce11dd2\" data-vce-do-apply=\"all el-cce11dd2\"><div class=\"vce-row-content\" data-vce-element-content=\"true\"><div class=\"vce-col vce-col--md-auto vce-col--xs-1 vce-col--xs-last vce-col--xs-first vce-col--sm-last vce-col--sm-first vce-col--md-first vce-col--lg-first vce-col--xl-first\" id=\"el-2b2cf657\"><div class=\"vce-col-inner\" data-vce-do-apply=\"border margin background  el-2b2cf657\"><div class=\"vce-col-content\" data-vce-element-content=\"true\" data-vce-do-apply=\"padding el-2b2cf657\"><div class=\"vce-text-block\"><div class=\"vce-text-block-wrapper vce\" id=\"el-24103b22\" data-vce-do-apply=\"all el-24103b22\"><p class=\"m_6691123081543476234MsoListParagraph\" style=\"text-align: center;\"><span style=\"font-size: 14pt;\">WY\u017bYWIENIE <strong><\/strong><\/span><\/p><\/div><\/div><\/div><\/div><\/div><div class=\"vce-col vce-col--md-auto vce-col--xs-1 vce-col--xs-last vce-col--xs-first vce-col--sm-last vce-col--sm-first vce-col--md-last vce-col--lg-last vce-col--xl-last\" id=\"el-c7f498c9\"><div class=\"vce-col-inner\" data-vce-do-apply=\"border margin background  el-c7f498c9\"><div class=\"vce-col-content\" data-vce-element-content=\"true\" data-vce-do-apply=\"padding el-c7f498c9\"><div class=\"vce-text-block\"><div class=\"vce-text-block-wrapper vce\" id=\"el-ad6bce73\" data-vce-do-apply=\"all el-ad6bce73\"><p class=\"m_6691123081543476234MsoListParagraph\" style=\"text-align: center;\"><span style=\"font-size: 14pt;\"><strong>400 z\u0142 \u2013 500 z\u0142<\/strong> <\/span><\/p>\n<p class=\"m_6691123081543476234MsoListParagraph\" style=\"text-align: center;\"><span style=\"font-size: 14pt;\">Rycza\u0142towe<\/span><\/p>\n<p><\/p><\/div><\/div><\/div><\/div><\/div><\/div><\/div><\/div><div class=\"vce-row-container\" data-vce-boxed-width=\"true\"><div class=\"vce-row vce-row--col-gap-30 vce-row-equal-height vce-row-content--top\" id=\"el-b18013a7\" data-vce-do-apply=\"all el-b18013a7\"><div class=\"vce-row-content\" data-vce-element-content=\"true\"><div class=\"vce-col vce-col--md-auto vce-col--xs-1 vce-col--xs-last vce-col--xs-first vce-col--sm-last vce-col--sm-first vce-col--md-last vce-col--lg-last vce-col--xl-last vce-col--md-first vce-col--lg-first vce-col--xl-first\" id=\"el-463b4f03\"><div class=\"vce-col-inner\" data-vce-do-apply=\"border margin background  el-463b4f03\"><div class=\"vce-col-content\" data-vce-element-content=\"true\" data-vce-do-apply=\"padding el-463b4f03\"><div class=\"vce vce-separator-container vce-separator--align-center vce-separator--style-shadow\" id=\"el-dd23a2e2\" data-vce-do-apply=\"margin el-dd23a2e2\"><div class=\"vce-separator vce-separator--color-bfc0c1 vce-separator--width-100 vce-separator--thickness-6\" data-vce-do-apply=\"border padding background  el-dd23a2e2\"><div class=\"vce-separator-shadow vce-separator-shadow-left\"><\/div><div class=\"vce-separator-shadow vce-separator-shadow-right\"><\/div><\/div><\/div><\/div><\/div><\/div><\/div><\/div><\/div><div class=\"vce-row-container\" data-vce-boxed-width=\"true\"><div class=\"vce-row vce-row--col-gap-30 vce-row-equal-height vce-row-content--middle\" id=\"el-d78e4528\" data-vce-do-apply=\"all el-d78e4528\"><div class=\"vce-row-content\" data-vce-element-content=\"true\"><div class=\"vce-col vce-col--md-auto vce-col--xs-1 vce-col--xs-last vce-col--xs-first vce-col--sm-last vce-col--sm-first vce-col--md-first vce-col--lg-first vce-col--xl-first\" id=\"el-4c002ae3\"><div class=\"vce-col-inner\" data-vce-do-apply=\"border margin background  el-4c002ae3\"><div class=\"vce-col-content\" data-vce-element-content=\"true\" data-vce-do-apply=\"padding el-4c002ae3\"><div class=\"vce-text-block\"><div class=\"vce-text-block-wrapper vce\" id=\"el-0708bfe5\" data-vce-do-apply=\"all el-0708bfe5\"><p class=\"m_6691123081543476234MsoListParagraph\" style=\"text-align: center;\"><span style=\"font-size: 14pt;\">WPISOWE&nbsp;<\/span><\/p><\/div><\/div><\/div><\/div><\/div><div class=\"vce-col vce-col--md-auto vce-col--xs-1 vce-col--xs-last vce-col--xs-first vce-col--sm-last vce-col--sm-first vce-col--md-last vce-col--lg-last vce-col--xl-last\" id=\"el-2a272213\"><div class=\"vce-col-inner\" data-vce-do-apply=\"border margin background  el-2a272213\"><div class=\"vce-col-content\" data-vce-element-content=\"true\" data-vce-do-apply=\"padding el-2a272213\"><div class=\"vce-text-block\"><div class=\"vce-text-block-wrapper vce\" id=\"el-073a982b\" data-vce-do-apply=\"all el-073a982b\"><p class=\"m_6691123081543476234MsoListParagraph\" style=\"text-align: center;\"><span style=\"font-size: 16pt;\"><strong>1 000 z\u0142<\/strong><\/span><\/p><\/div><\/div><\/div><\/div><\/div><\/div><\/div><\/div><\/div><\/div><\/div><div class=\"vce-col vce-element--has-background vce-col--md-50p vce-col--xs-1 vce-col--xs-last vce-col--xs-first vce-col--sm-last vce-col--sm-first vce-col--md-last vce-col--lg-last vce-col--xl-last\" id=\"el-b6596d29\"><div class=\"vce-col-inner\" data-vce-do-apply=\"border margin background  el-b6596d29\"><div class=\"vce-content-background-container\"><div class=\"vce-asset-background-simple-container vce-visible-all-only vce-asset-background-simple--style-cover vce-asset-background-simple--position-center-top\"><div class=\"vce-asset-background-simple\">\n              <div class=\"vce-asset-background-simple-item vcv-lozad\" data-background-image=\"https:\/\/pozytywnegorozwoju.pl\/wachowiaka\/wp-content\/uploads\/2022\/10\/zlobek2.jpg\"><\/div>\n              <noscript>\n                <div class=\"vce-asset-background-simple-item\" style=\"background-image: url(https:\/\/pozytywnegorozwoju.pl\/wachowiaka\/wp-content\/uploads\/2022\/10\/zlobek2.jpg)\"><\/div>\n              <\/noscript>\n            <\/div><\/div><div class=\"vce-asset-color-gradient-container vce-visible-all-only\" data-vce-do-apply=\"gradient el-b6596d29\"><\/div><\/div><div class=\"vce-col-content\" data-vce-element-content=\"true\" data-vce-do-apply=\"padding el-b6596d29\"><div class=\"vce-text-block\"><div class=\"vce-text-block-wrapper vce\" id=\"el-a40cdbad\" data-vce-do-apply=\"all el-a40cdbad\"><div class=\"vce-hero-section--content-container\">\n<h1 style=\"text-align: center;\"><span style=\"color: #ffffff;\">Drodzy rodzice<\/span><\/h1>\n<p style=\"text-align: center;\"><strong><span style=\"color: #ffffff;\">W ramach programu Aktywnie w \u017c\u0142obku czesne zostaje pomniejszone o 1 500z\u0142 i wynosi 0z\u0142<\/span><\/strong><\/p>\n<\/div><\/div><\/div><div class=\"vce-button--style-basic-container vce-button--style-basic-container--align-center\"><span class=\"vce-button--style-basic-wrapper vce\" id=\"el-e71bb3f4\" data-vce-do-apply=\"margin el-e71bb3f4\"><a class=\"vce-button vce-button--style-basic vce-button--style-basic--border-round vce-button--style-basic--size-small vce-button--style-basic--color-b-255-180-0--b-33-33-33\" href=\"https:\/\/www.zus.pl\/-\/dofinansowanie-pobytu-w-zlobku\" title=\"\" target=\"_blank\" data-vce-do-apply=\"padding border background  el-e71bb3f4\">Zobacz wi\u0119cej<\/a><\/span><\/div><\/div><\/div><\/div><\/div><\/div><\/div>","protected":false},"excerpt":{"rendered":"<p>\u017b\u0142obek Pozytywnego Rozwoju CZESNE 1 800 z\u0142 WY\u017bYWIENIE 400 z\u0142 \u2013 500 z\u0142 Rycza\u0142towe WPISOWE&nbsp;1 000 z\u0142CZESNE&nbsp; 1 800 z\u0142 WY\u017bYWIENIE 400 z\u0142 \u2013 500 z\u0142 Rycza\u0142towe WPISOWE&nbsp;1 000 z\u0142 Drodzy rodzice W ramach programu Aktywnie w \u017c\u0142obku czesne zostaje pomniejszone o 1 500z\u0142 i wynosi 0z\u0142 Zobacz wi\u0119cej<\/p>\n","protected":false},"author":1,"featured_media":0,"parent":0,"menu_order":0,"comment_status":"closed","ping_status":"closed","template":"","meta":{"_themeisle_gutenberg_block_has_review":false,"footnotes":""},"class_list":["post-55","page","type-page","status-publish","hentry"],"_links":{"self":[{"href":"https:\/\/pozytywnegorozwoju.pl\/wolsztyn\/wp-json\/wp\/v2\/pages\/55","targetHints":{"allow":["GET"]}}],"collection":[{"href":"https:\/\/pozytywnegorozwoju.pl\/wolsztyn\/wp-json\/wp\/v2\/pages"}],"about":[{"href":"https:\/\/pozytywnegorozwoju.pl\/wolsztyn\/wp-json\/wp\/v2\/types\/page"}],"author":[{"embeddable":true,"href":"https:\/\/pozytywnegorozwoju.pl\/wolsztyn\/wp-json\/wp\/v2\/users\/1"}],"replies":[{"embeddable":true,"href":"https:\/\/pozytywnegorozwoju.pl\/wolsztyn\/wp-json\/wp\/v2\/comments?post=55"}],"version-history":[{"count":15,"href":"https:\/\/pozytywnegorozwoju.pl\/wolsztyn\/wp-json\/wp\/v2\/pages\/55\/revisions"}],"predecessor-version":[{"id":489,"href":"https:\/\/pozytywnegorozwoju.pl\/wolsztyn\/wp-json\/wp\/v2\/pages\/55\/revisions\/489"}],"wp:attachment":[{"href":"https:\/\/pozytywnegorozwoju.pl\/wolsztyn\/wp-json\/wp\/v2\/media?parent=55"}],"curies":[{"name":"wp","href":"https:\/\/api.w.org\/{rel}","templated":true}]}}