{"id":438,"date":"2022-10-10T09:35:05","date_gmt":"2022-10-10T07:35:05","guid":{"rendered":"https:\/\/pozytywnegorozwoju.pl\/wachowiaka\/?page_id=438"},"modified":"2023-03-02T20:37:25","modified_gmt":"2023-03-02T19:37:25","slug":"status-i-regulamin-placowki-2","status":"publish","type":"page","link":"https:\/\/pozytywnegorozwoju.pl\/wachowiaka\/status-i-regulamin-placowki-2\/","title":{"rendered":""},"content":{"rendered":"<div class=\"vce-row-container\"><div class=\"vce-row vce-row--col-gap-30 vce-row-equal-height vce-row-content--middle\" data-vce-full-width=\"true\" data-vce-stretch-content=\"true\" id=\"el-6a09314f\" data-vce-do-apply=\"all el-6a09314f\"><div class=\"vce-content-background-container\"><\/div><div class=\"vce-row-content\" data-vce-element-content=\"true\"><div class=\"vce-col vce-col--md-auto vce-col--xs-1 vce-col--xs-last vce-col--xs-first vce-col--sm-last vce-col--sm-first vce-col--md-last vce-col--lg-last vce-col--xl-last vce-col--md-first vce-col--lg-first vce-col--xl-first\" id=\"el-9d5eb950\"><div class=\"vce-col-inner\" data-vce-do-apply=\"border margin background  el-9d5eb950\"><div class=\"vce-col-content\" data-vce-element-content=\"true\" data-vce-do-apply=\"padding el-9d5eb950\"><div class=\"vce-text-block\"><div class=\"vce-text-block-wrapper vce\" id=\"el-45415eef\" data-vce-do-apply=\"all el-45415eef\"><h4 style=\"text-align: center;\">Statut Niepublicznego \u017b\u0142obka&nbsp;<\/h4>\n<p><\/p>\n<p><\/p><\/div><\/div><div class=\"vce-button--style-outline-container vce-button--style-outline-container--align-center\"><span class=\"vce-button--style-outline-wrapper vce\" id=\"el-6b0bf229\" data-vce-do-apply=\"margin el-6b0bf229\"><a class=\"vce-button vce-button--style-outline-animated vce-button--style-outline--border-round vce-button--style-outline--size-small vce-button--style-outline-animated--color-b-85-85-85--fff--3d3d3d vce-button--style-outline-animated--border-color-b-85-85-85--3d3d3d vce-button--style-outline-animated--background-color-b-85-85-85\" href=\"https:\/\/pozytywnegorozwoju.pl\/wachowiaka\/wp-content\/uploads\/2022\/10\/STATUT-NIEPUBLICZNEGO-ZLOBKA.pdf\" title=\"\" target=\"_blank\" data-vce-do-apply=\"padding border background  el-6b0bf229\" rel=\"noopener\"><span class=\"vce-button--style-outline-text\">Czytaj <\/span><\/a><\/span><\/div><div class=\"vce-button--style-outline-container vce-button--style-outline-container--align-center\"><span class=\"vce-button--style-outline-wrapper vce\" id=\"el-7058a1c8\" data-vce-do-apply=\"margin el-7058a1c8\"><a class=\"vce-button vce-button--style-outline-animated vce-button--style-outline--border-round vce-button--style-outline--size-small vce-button--style-outline-animated--color-b-85-85-85--fff--3d3d3d vce-button--style-outline-animated--border-color-b-85-85-85--3d3d3d vce-button--style-outline-animated--background-color-b-85-85-85\" href=\"https:\/\/pozytywnegorozwoju.pl\/wachowiaka\/wp-content\/uploads\/2022\/10\/STATUT-NIEPUBLICZNEGO-ZLOBKA.pdf\" title=\"\" target=\"_blank\" data-vce-do-apply=\"padding border background  el-7058a1c8\" rel=\"noopener\"><span class=\"vce-button--style-outline-text\">Pobierz<\/span><\/a><\/span><\/div><\/div><\/div><\/div><\/div><\/div><\/div><div class=\"vce-row-container\"><div class=\"vce-row vce-row--col-gap-30 vce-row-equal-height vce-row-content--middle\" data-vce-full-width=\"true\" data-vce-stretch-content=\"true\" id=\"el-442d9646\" data-vce-do-apply=\"all el-442d9646\"><div class=\"vce-content-background-container\"><\/div><div class=\"vce-row-content\" data-vce-element-content=\"true\"><div class=\"vce-col vce-col--md-auto vce-col--xs-1 vce-col--xs-last vce-col--xs-first vce-col--sm-last vce-col--sm-first vce-col--md-last vce-col--lg-last vce-col--xl-last vce-col--md-first vce-col--lg-first vce-col--xl-first\" id=\"el-df9bd55b\"><div class=\"vce-col-inner\" data-vce-do-apply=\"border margin background  el-df9bd55b\"><div class=\"vce-col-content\" data-vce-element-content=\"true\" data-vce-do-apply=\"padding el-df9bd55b\"><div class=\"vce-text-block\"><div class=\"vce-text-block-wrapper vce\" id=\"el-1efb33fa\" data-vce-do-apply=\"all el-1efb33fa\"><h4 style=\"text-align: center;\">Regulamin Organizacyjny \u017b\u0142obka Pozytywnego Rozwoju&nbsp;&nbsp;<\/h4><\/div><\/div><div class=\"vce-button--style-outline-container vce-button--style-outline-container--align-center\"><span class=\"vce-button--style-outline-wrapper vce\" id=\"el-1866f4d1\" data-vce-do-apply=\"margin el-1866f4d1\"><a class=\"vce-button vce-button--style-outline-animated vce-button--style-outline--border-round vce-button--style-outline--size-small vce-button--style-outline-animated--color-b-85-85-85--fff--3d3d3d vce-button--style-outline-animated--border-color-b-85-85-85--3d3d3d vce-button--style-outline-animated--background-color-b-85-85-85\" href=\"https:\/\/pozytywnegorozwoju.pl\/wachowiaka\/wp-content\/uploads\/2022\/10\/REGULAMIN-ORGANIZACYJNY-ZLOBKA-POZYTYWNEGO-ROZWOJU.pdf\" title=\"\" target=\"_blank\" data-vce-do-apply=\"padding border background  el-1866f4d1\" rel=\"noopener\"><span class=\"vce-button--style-outline-text\">Czytaj <\/span><\/a><\/span><\/div><div class=\"vce-button--style-outline-container vce-button--style-outline-container--align-center\"><span class=\"vce-button--style-outline-wrapper vce\" id=\"el-2a613711\" data-vce-do-apply=\"margin el-2a613711\"><a class=\"vce-button vce-button--style-outline-animated vce-button--style-outline--border-round vce-button--style-outline--size-small vce-button--style-outline-animated--color-b-85-85-85--fff--3d3d3d vce-button--style-outline-animated--border-color-b-85-85-85--3d3d3d vce-button--style-outline-animated--background-color-b-85-85-85\" href=\"https:\/\/pozytywnegorozwoju.pl\/wachowiaka\/wp-content\/uploads\/2022\/10\/REGULAMIN-ORGANIZACYJNY-ZLOBKA-POZYTYWNEGO-ROZWOJU.pdf\" title=\"\" target=\"_blank\" data-vce-do-apply=\"padding border background  el-2a613711\" rel=\"noopener\"><span class=\"vce-button--style-outline-text\">Pobierz<\/span><\/a><\/span><\/div><\/div><\/div><\/div><\/div><\/div><\/div>\n","protected":false},"excerpt":{"rendered":"<p>Statut Niepublicznego \u017b\u0142obka&nbsp; Czytaj PobierzRegulamin Organizacyjny \u017b\u0142obka Pozytywnego Rozwoju&nbsp;&nbsp;Czytaj Pobierz<\/p>\n","protected":false},"author":1,"featured_media":0,"parent":0,"menu_order":0,"comment_status":"closed","ping_status":"closed","template":"","meta":{"_themeisle_gutenberg_block_has_review":false,"footnotes":""},"class_list":["post-438","page","type-page","status-publish","hentry"],"_links":{"self":[{"href":"https:\/\/pozytywnegorozwoju.pl\/wachowiaka\/wp-json\/wp\/v2\/pages\/438","targetHints":{"allow":["GET"]}}],"collection":[{"href":"https:\/\/pozytywnegorozwoju.pl\/wachowiaka\/wp-json\/wp\/v2\/pages"}],"about":[{"href":"https:\/\/pozytywnegorozwoju.pl\/wachowiaka\/wp-json\/wp\/v2\/types\/page"}],"author":[{"embeddable":true,"href":"https:\/\/pozytywnegorozwoju.pl\/wachowiaka\/wp-json\/wp\/v2\/users\/1"}],"replies":[{"embeddable":true,"href":"https:\/\/pozytywnegorozwoju.pl\/wachowiaka\/wp-json\/wp\/v2\/comments?post=438"}],"version-history":[{"count":35,"href":"https:\/\/pozytywnegorozwoju.pl\/wachowiaka\/wp-json\/wp\/v2\/pages\/438\/revisions"}],"predecessor-version":[{"id":2819,"href":"https:\/\/pozytywnegorozwoju.pl\/wachowiaka\/wp-json\/wp\/v2\/pages\/438\/revisions\/2819"}],"wp:attachment":[{"href":"https:\/\/pozytywnegorozwoju.pl\/wachowiaka\/wp-json\/wp\/v2\/media?parent=438"}],"curies":[{"name":"wp","href":"https:\/\/api.w.org\/{rel}","templated":true}]}}