{"id":430,"date":"2022-10-10T09:35:05","date_gmt":"2022-10-10T07:35:05","guid":{"rendered":"https:\/\/pozytywnegorozwoju.pl\/wachowiaka\/?page_id=430"},"modified":"2025-07-06T22:34:32","modified_gmt":"2025-07-06T20:34:32","slug":"czesne","status":"publish","type":"page","link":"https:\/\/pozytywnegorozwoju.pl\/wachowiaka\/czesne\/","title":{"rendered":""},"content":{"rendered":"<div class=\"vce-row-container\"><div class=\"vce-row vce-row--col-gap-30 vce-row-equal-height vce-row-content--middle\" data-vce-full-width=\"true\" data-vce-stretch-content=\"true\" id=\"el-98a40b16\" data-vce-do-apply=\"all el-98a40b16\"><div class=\"vce-row-content\" data-vce-element-content=\"true\"><div class=\"vce-col vce-col--md-20p vce-col--xs-1 vce-col--xs-last vce-col--xs-first vce-col--sm-last vce-col--sm-first vce-col--md-first vce-col--lg-first vce-col--xl-first\" id=\"el-9be5fc09\"><div class=\"vce-col-inner\" data-vce-do-apply=\"border margin background  el-9be5fc09\"><div class=\"vce-col-content\" data-vce-element-content=\"true\" data-vce-do-apply=\"padding el-9be5fc09\"><div><\/div><\/div><\/div><\/div><div class=\"vce-col vce-col--md-60p vce-col--xs-1 vce-col--xs-last vce-col--xs-first vce-col--sm-last vce-col--sm-first\" id=\"el-abebc6d7\"><div class=\"vce-col-inner\" data-vce-do-apply=\"border margin background  el-abebc6d7\"><div class=\"vce-col-content\" data-vce-element-content=\"true\" data-vce-do-apply=\"padding el-abebc6d7\"><div class=\"vce-text-block\"><div class=\"vce-text-block-wrapper vce\" id=\"el-d53e06d8\" data-vce-do-apply=\"all el-d53e06d8\"><h2 style=\"text-align: center;\"><strong>Przedszkole Pozytywnego Rozwoju<\/strong><\/h2>\n<hr>\n<p class=\"m_6691123081543476234MsoListParagraph\" style=\"text-align: center;\"><\/p><\/div><\/div><\/div><\/div><\/div><div class=\"vce-col vce-col--md-20p vce-col--xs-1 vce-col--xs-last vce-col--xs-first vce-col--sm-last vce-col--sm-first vce-col--md-last vce-col--lg-last vce-col--xl-last\" id=\"el-9a2f98f4\"><div class=\"vce-col-inner\" data-vce-do-apply=\"border margin background  el-9a2f98f4\"><div class=\"vce-col-content\" data-vce-element-content=\"true\" data-vce-do-apply=\"padding el-9a2f98f4\"><div><\/div><\/div><\/div><\/div><\/div><\/div><\/div><div class=\"vce-row-container\"><div class=\"vce-row vce-row--has-col-background vce-row--col-gap-30 vce-row-equal-height vce-row-content--middle\" data-vce-full-width=\"true\" data-vce-stretch-content=\"true\" id=\"el-3221edbc\" data-vce-do-apply=\"all el-3221edbc\"><div class=\"vce-row-content\" data-vce-element-content=\"true\"><div class=\"vce-col vce-col--md-44p vce-col--xs-1 vce-col--xs-last vce-col--xs-first vce-col--sm-last vce-col--sm-first vce-col--md-first vce-col--lg-first vce-col--xl-first\" id=\"el-c4e97a9c\"><div class=\"vce-col-inner\" data-vce-do-apply=\"border margin background  el-c4e97a9c\"><div class=\"vce-col-content\" data-vce-element-content=\"true\" data-vce-do-apply=\"padding el-c4e97a9c\"><div class=\"vce-row-container\" data-vce-boxed-width=\"true\"><div class=\"vce-row vce-row--col-gap-30 vce-row-equal-height vce-row-content--top\" id=\"el-d4dc257b\" data-vce-do-apply=\"all el-d4dc257b\"><div class=\"vce-row-content\" data-vce-element-content=\"true\"><div class=\"vce-col vce-col--md-auto vce-col--xs-1 vce-col--xs-last vce-col--xs-first vce-col--sm-last vce-col--sm-first vce-col--md-first vce-col--lg-first vce-col--xl-first\" id=\"el-0d5c37c7\"><div class=\"vce-col-inner\" data-vce-do-apply=\"border margin background  el-0d5c37c7\"><div class=\"vce-col-content\" data-vce-element-content=\"true\" data-vce-do-apply=\"padding el-0d5c37c7\"><div class=\"vce-text-block\"><div class=\"vce-text-block-wrapper vce\" id=\"el-d48767c1\" data-vce-do-apply=\"all el-d48767c1\"><p style=\"text-align: center;\"><span style=\"font-size: 14pt;\">Czesne<\/span><\/p>\n<p style=\"text-align: center;\"><\/p><\/div><\/div><\/div><\/div><\/div><div class=\"vce-col vce-col--md-auto vce-col--xs-1 vce-col--xs-last vce-col--xs-first vce-col--sm-last vce-col--sm-first vce-col--md-last vce-col--lg-last vce-col--xl-last\" id=\"el-2ee2542a\"><div class=\"vce-col-inner\" data-vce-do-apply=\"border margin background  el-2ee2542a\"><div class=\"vce-col-content\" data-vce-element-content=\"true\" data-vce-do-apply=\"padding el-2ee2542a\"><div class=\"vce-text-block\"><div class=\"vce-text-block-wrapper vce\" id=\"el-337f3b40\" data-vce-do-apply=\"all el-337f3b40\"><p style=\"text-align: center;\"><span style=\"font-size: 14pt;\"><strong>1 300z\u0142<\/strong><\/span><\/p><\/div><\/div><\/div><\/div><\/div><\/div><\/div><\/div><div class=\"vce-row-container\" data-vce-boxed-width=\"true\"><div class=\"vce-row vce-row--col-gap-30 vce-row-equal-height vce-row-content--top\" id=\"el-423660ac\" data-vce-do-apply=\"all el-423660ac\"><div class=\"vce-row-content\" data-vce-element-content=\"true\"><div class=\"vce-col vce-col--md-auto vce-col--xs-1 vce-col--xs-last vce-col--xs-first vce-col--sm-last vce-col--sm-first vce-col--md-last vce-col--lg-last vce-col--xl-last vce-col--md-first vce-col--lg-first vce-col--xl-first\" id=\"el-6525e5bc\"><div class=\"vce-col-inner\" data-vce-do-apply=\"border margin background  el-6525e5bc\"><div class=\"vce-col-content\" data-vce-element-content=\"true\" data-vce-do-apply=\"padding el-6525e5bc\"><div class=\"vce vce-separator-container vce-separator--align-center vce-separator--style-shadow\" id=\"el-6e2a6dce\" data-vce-do-apply=\"margin el-6e2a6dce\"><div class=\"vce-separator vce-separator--color-bfc0c1 vce-separator--width-100 vce-separator--thickness-6\" data-vce-do-apply=\"border padding background  el-6e2a6dce\"><div class=\"vce-separator-shadow vce-separator-shadow-left\"><\/div><div class=\"vce-separator-shadow vce-separator-shadow-right\"><\/div><\/div><\/div><div class=\"vce-row-container\" data-vce-boxed-width=\"true\"><div class=\"vce-row vce-row--col-gap-30 vce-row-equal-height vce-row-content--middle\" id=\"el-e3a6aa58\" data-vce-do-apply=\"all el-e3a6aa58\"><div class=\"vce-row-content\" data-vce-element-content=\"true\"><div class=\"vce-col vce-col--md-auto vce-col--xs-1 vce-col--xs-last vce-col--xs-first vce-col--sm-last vce-col--sm-first vce-col--md-first vce-col--lg-first vce-col--xl-first\" id=\"el-586e833b\"><div class=\"vce-col-inner\" data-vce-do-apply=\"border margin background  el-586e833b\"><div class=\"vce-col-content\" data-vce-element-content=\"true\" data-vce-do-apply=\"padding el-586e833b\"><div class=\"vce-text-block\"><div class=\"vce-text-block-wrapper vce\" id=\"el-40e60292\" data-vce-do-apply=\"all el-40e60292\"><p style=\"text-align: center;\"><\/p>\n<p style=\"text-align: center;\"><span style=\"font-size: 16pt;\">Wy\u017cywienie&nbsp;<\/span><\/p>\n<p style=\"text-align: center;\"><\/p><\/div><\/div><\/div><\/div><\/div><div class=\"vce-col vce-col--md-auto vce-col--xs-1 vce-col--xs-last vce-col--xs-first vce-col--sm-last vce-col--sm-first vce-col--md-last vce-col--lg-last vce-col--xl-last\" id=\"el-3de584ca\"><div class=\"vce-col-inner\" data-vce-do-apply=\"border margin background  el-3de584ca\"><div class=\"vce-col-content\" data-vce-element-content=\"true\" data-vce-do-apply=\"padding el-3de584ca\"><div class=\"vce-text-block\"><div class=\"vce-text-block-wrapper vce\" id=\"el-ee9d677d\" data-vce-do-apply=\"all el-ee9d677d\"><p style=\"text-align: center;\"><span style=\"font-size: 14pt;\"><strong>20,00z\u0142 - 22,00z\u0142<\/strong><\/span><\/p>\n<p style=\"text-align: center;\"><span style=\"font-size: 14pt;\">Dziennie<\/span><\/p>\n<p><\/p><\/div><\/div><\/div><\/div><\/div><\/div><\/div><\/div><div class=\"vce-row-container\"><div class=\"vce-row vce-row--col-gap-30 vce-row-equal-height vce-row-content--top\" data-vce-full-width=\"true\" data-vce-stretch-content=\"true\" id=\"el-5b3c1ee4\" data-vce-do-apply=\"all el-5b3c1ee4\"><div class=\"vce-row-content\" data-vce-element-content=\"true\"><div class=\"vce-col vce-col--md-auto vce-col--xs-1 vce-col--xs-last vce-col--xs-first vce-col--sm-last vce-col--sm-first vce-col--md-last vce-col--lg-last vce-col--xl-last vce-col--md-first vce-col--lg-first vce-col--xl-first\" id=\"el-5e8267d7\"><div class=\"vce-col-inner\" data-vce-do-apply=\"border margin background  el-5e8267d7\"><div class=\"vce-col-content\" data-vce-element-content=\"true\" data-vce-do-apply=\"padding el-5e8267d7\"><div class=\"vce vce-separator-container vce-separator--align-center vce-separator--style-shadow\" id=\"el-546b2073\" data-vce-do-apply=\"margin el-546b2073\"><div class=\"vce-separator vce-separator--color-bfc0c1 vce-separator--width-100 vce-separator--thickness-6\" data-vce-do-apply=\"border padding background  el-546b2073\"><div class=\"vce-separator-shadow vce-separator-shadow-left\"><\/div><div class=\"vce-separator-shadow vce-separator-shadow-right\"><\/div><\/div><\/div><\/div><\/div><\/div><\/div><\/div><\/div><div class=\"vce-row-container\" data-vce-boxed-width=\"true\"><div class=\"vce-row vce-row--col-gap-30 vce-row-equal-height vce-row-content--top\" id=\"el-8160d428\" data-vce-do-apply=\"all el-8160d428\"><div class=\"vce-row-content\" data-vce-element-content=\"true\"><div class=\"vce-col vce-col--md-auto vce-col--xs-1 vce-col--xs-last vce-col--xs-first vce-col--sm-last vce-col--sm-first vce-col--md-first vce-col--lg-first vce-col--xl-first\" id=\"el-f7626cb3\"><div class=\"vce-col-inner\" data-vce-do-apply=\"border margin background  el-f7626cb3\"><div class=\"vce-col-content\" data-vce-element-content=\"true\" data-vce-do-apply=\"padding el-f7626cb3\"><div class=\"vce-text-block\"><div class=\"vce-text-block-wrapper vce\" id=\"el-384d14a2\" data-vce-do-apply=\"all el-384d14a2\"><p style=\"text-align: center;\"><span style=\"font-size: 14pt;\">Wpisowe<\/span><\/p><\/div><\/div><\/div><\/div><\/div><div class=\"vce-col vce-col--md-auto vce-col--xs-1 vce-col--xs-last vce-col--xs-first vce-col--sm-last vce-col--sm-first vce-col--md-last vce-col--lg-last vce-col--xl-last\" id=\"el-25a00945\"><div class=\"vce-col-inner\" data-vce-do-apply=\"border margin background  el-25a00945\"><div class=\"vce-col-content\" data-vce-element-content=\"true\" data-vce-do-apply=\"padding el-25a00945\"><div class=\"vce-text-block\"><div class=\"vce-text-block-wrapper vce\" id=\"el-2310f061\" data-vce-do-apply=\"all el-2310f061\"><h2 style=\"text-align: center;\"><span style=\"font-size: 14pt;\"><strong>1 000z\u0142<\/strong><\/span><\/h2><\/div><\/div><\/div><\/div><\/div><\/div><\/div><\/div><\/div><\/div><\/div><\/div><\/div><\/div><\/div><\/div><\/div><div class=\"vce-col vce-element--has-background vce-col--md-56p vce-col--xs-1 vce-col--xs-last vce-col--xs-first vce-col--sm-last vce-col--sm-first vce-col--md-last vce-col--lg-last vce-col--xl-last\" id=\"el-c1fe3873\"><div class=\"vce-col-inner\" data-vce-do-apply=\"border margin background  el-c1fe3873\"><div class=\"vce-content-background-container\"><div class=\"vce-asset-background-simple-container vce-visible-all-only vce-asset-background-simple--style-cover vce-asset-background-simple--position-center-top\"><div class=\"vce-asset-background-simple\">\n              <div class=\"vce-asset-background-simple-item vcv-lozad\" data-background-image=\"https:\/\/pozytywnegorozwoju.pl\/wachowiaka\/wp-content\/uploads\/2022\/10\/duza3.jpg\"><\/div>\n              <noscript>\n                <div class=\"vce-asset-background-simple-item\" style=\"background-image: url(https:\/\/pozytywnegorozwoju.pl\/wachowiaka\/wp-content\/uploads\/2022\/10\/duza3.jpg)\"><\/div>\n              <\/noscript>\n            <\/div><\/div><div class=\"vce-asset-color-gradient-container vce-visible-all-only\" data-vce-do-apply=\"gradient el-c1fe3873\"><\/div><\/div><div class=\"vce-col-content\" data-vce-element-content=\"true\" data-vce-do-apply=\"padding el-c1fe3873\"><div class=\"vce-text-block\"><div class=\"vce-text-block-wrapper vce\" id=\"el-bf2c1e82\" data-vce-do-apply=\"all el-bf2c1e82\"><div class=\"vce-hero-section--content-container\">\n<h1 style=\"text-align: center;\"><span style=\"color: #ffffff;\">Oferta Edukacyjna&nbsp;<\/span><\/h1>\n<p style=\"text-align: center;\"><strong><span style=\"color: #ffffff;\">Kszta\u0142tujemy edukacj\u0119 w taki spos\u00f3b, aby by\u0142a nastawiona na potrzeby<\/span><\/strong><\/p>\n<p style=\"text-align: center;\"><strong><span style=\"color: #ffffff;\"> wsp\u00f3\u0142czesno\u015bci i przysz\u0142o\u015bci.<\/span><\/strong><\/p>\n<\/div><\/div><\/div><div class=\"vce-button--style-basic-container vce-button--style-basic-container--align-center\"><span class=\"vce-button--style-basic-wrapper vce\" id=\"el-8a989807\" data-vce-do-apply=\"margin el-8a989807\"><a class=\"vce-button vce-button--style-basic vce-button--style-basic--border-round vce-button--style-basic--size-small vce-button--style-basic--color-b-255-180-0--b-33-33-33\" href=\"https:\/\/pozytywnegorozwoju.pl\/wachowiaka\/oferta-edukacyjna\/\" title=\"\" data-vce-do-apply=\"padding border background  el-8a989807\">Oferta<\/a><\/span><\/div><\/div><\/div><\/div><\/div><\/div><\/div><div class=\"vce-row-container\"><div class=\"vce-row vce-row--col-gap-30 vce-row-equal-height vce-row-content--top\" data-vce-full-width=\"true\" data-vce-stretch-content=\"true\" id=\"el-3a0b3a92\" data-vce-do-apply=\"all el-3a0b3a92\"><div class=\"vce-row-content\" data-vce-element-content=\"true\"><div class=\"vce-col vce-col--md-auto vce-col--xs-1 vce-col--xs-last vce-col--xs-first vce-col--sm-last vce-col--sm-first vce-col--md-last vce-col--lg-last vce-col--xl-last vce-col--md-first vce-col--lg-first vce-col--xl-first\" id=\"el-257c73b0\"><div class=\"vce-col-inner\" data-vce-do-apply=\"border margin background  el-257c73b0\"><div class=\"vce-col-content\" data-vce-element-content=\"true\" data-vce-do-apply=\"padding el-257c73b0\"><div class=\"vce vce-separator-container vce-separator--align-center vce-separator--style-shadow\" id=\"el-6dbd41ca\" data-vce-do-apply=\"margin el-6dbd41ca\"><div class=\"vce-separator vce-separator--color-bfc0c1 vce-separator--width-100 vce-separator--thickness-6\" data-vce-do-apply=\"border padding background  el-6dbd41ca\"><div class=\"vce-separator-shadow vce-separator-shadow-left\"><\/div><div class=\"vce-separator-shadow vce-separator-shadow-right\"><\/div><\/div><\/div><\/div><\/div><\/div><\/div><\/div><\/div>","protected":false},"excerpt":{"rendered":"<p>Przedszkole Pozytywnego Rozwoju Czesne 1 300z\u0142 Wy\u017cywienie&nbsp; 20,00z\u0142 &#8211; 22,00z\u0142 Dziennie Wpisowe1 000z\u0142 Oferta Edukacyjna&nbsp; Kszta\u0142tujemy edukacj\u0119 w taki spos\u00f3b, aby by\u0142a nastawiona na potrzeby wsp\u00f3\u0142czesno\u015bci i przysz\u0142o\u015bci. Oferta<\/p>\n","protected":false},"author":1,"featured_media":0,"parent":0,"menu_order":0,"comment_status":"closed","ping_status":"closed","template":"","meta":{"_themeisle_gutenberg_block_has_review":false,"footnotes":""},"class_list":["post-430","page","type-page","status-publish","hentry"],"_links":{"self":[{"href":"https:\/\/pozytywnegorozwoju.pl\/wachowiaka\/wp-json\/wp\/v2\/pages\/430","targetHints":{"allow":["GET"]}}],"collection":[{"href":"https:\/\/pozytywnegorozwoju.pl\/wachowiaka\/wp-json\/wp\/v2\/pages"}],"about":[{"href":"https:\/\/pozytywnegorozwoju.pl\/wachowiaka\/wp-json\/wp\/v2\/types\/page"}],"author":[{"embeddable":true,"href":"https:\/\/pozytywnegorozwoju.pl\/wachowiaka\/wp-json\/wp\/v2\/users\/1"}],"replies":[{"embeddable":true,"href":"https:\/\/pozytywnegorozwoju.pl\/wachowiaka\/wp-json\/wp\/v2\/comments?post=430"}],"version-history":[{"count":102,"href":"https:\/\/pozytywnegorozwoju.pl\/wachowiaka\/wp-json\/wp\/v2\/pages\/430\/revisions"}],"predecessor-version":[{"id":2881,"href":"https:\/\/pozytywnegorozwoju.pl\/wachowiaka\/wp-json\/wp\/v2\/pages\/430\/revisions\/2881"}],"wp:attachment":[{"href":"https:\/\/pozytywnegorozwoju.pl\/wachowiaka\/wp-json\/wp\/v2\/media?parent=430"}],"curies":[{"name":"wp","href":"https:\/\/api.w.org\/{rel}","templated":true}]}}